{"id":4075,"date":"2025-07-28T08:43:30","date_gmt":"2025-07-28T08:43:30","guid":{"rendered":"https:\/\/enotecapacoperez.com\/?page_id=4075"},"modified":"2026-02-09T12:47:57","modified_gmt":"2026-02-09T12:47:57","slug":"paco-perez","status":"publish","type":"page","link":"https:\/\/enotecapacoperez.com\/ca\/paco-perez\/","title":{"rendered":"Paco P\u00e9rez"},"content":{"rendered":"<div class=\"fusion-fullwidth fullwidth-box fusion-fullwidth-1  fusion-parallax-none nonhundred-percent-fullwidth\" style=\"border-color:#eae9e9;border-bottom-width: 0px;border-top-width: 0px;border-bottom-style: solid;border-top-style: solid;padding-bottom:350px;padding-top:350px;padding-left:;padding-right:;background-position:center top;background-repeat:no-repeat;-webkit-background-size:cover;-moz-background-size:cover;-o-background-size:cover;background-size:cover;-ms-filter: &quot;progid:DXImageTransform.Microsoft.AlphaImageLoader(src=&#039;https:\/\/enotecapacoperez.com\/wp-content\/uploads\/2026\/02\/Retrato-Paco-Perez-scaled-1.webp&#039;, sizingMethod=&#039;scale&#039;)&quot;;background-image: url(https:\/\/enotecapacoperez.com\/wp-content\/uploads\/2026\/02\/Retrato-Paco-Perez-scaled-1.webp);\"><style type=\"text\/css\" scoped=\"scoped\">.fusion-fullwidth-1 {\n                            padding-left: px !important;\n                            padding-right: px !important;\n                        }<\/style><div class=\"fusion-row\"><\/div><\/div><div class=\"fusion-fullwidth fullwidth-box fusion-fullwidth-2  fusion-parallax-none hundred-percent-fullwidth fusion-equal-height-columns\" style=\"border-color:#eae9e9;border-bottom-width: 0px;border-top-width: 0px;border-bottom-style: solid;border-top-style: solid;padding-bottom:20px;padding-top:20px;padding-left:0px;padding-right:0px;\"><style type=\"text\/css\" scoped=\"scoped\">.fusion-fullwidth-2 {\n                            padding-left: 0px !important;\n                            padding-right: 0px !important;\n                        }<\/style><div class=\"fusion-row\"><h1 style=\"text-align: center;\"><span style=\"font-family: Lora;\">Paco P\u00e9rez<\/span><\/h1>\n<div class=\"fusion-sep-clear\"><\/div><div class=\"fusion-separator fusion-full-width-sep sep-none\" style=\"border-color:#e0dede;margin-left: auto;margin-right: auto;margin-top:10px;margin-bottom:10px;\"><\/div><div class=\"fusion-one-half fusion-layout-column fusion-spacing-no\" style=\"margin-top:0px;margin-bottom:20px;\"><div class=\"fusion-column-wrapper fusion-animated\" style=\"background:url(https:\/\/enotecapacoperez.com\/wp-content\/uploads\/2016\/04\/paco-perez-porfolio-1.jpg) center center no-repeat ;-webkit-background-size:cover;-moz-background-size:cover;-o-background-size:cover;background-size:cover;padding:100px;\" data-bg-url=\"https:\/\/enotecapacoperez.com\/wp-content\/uploads\/2016\/04\/paco-perez-porfolio-1.jpg\" data-animationType=\"fadeIn\" data-animationDuration=\"0.9\" data-animationOffset=\"100%\"><div class=\"fusion-column-table\"><div class=\"fusion-column-tablecell\"><div class=\"fusion-clearfix\"><\/div><\/div><\/div><\/div><\/div><div class=\"fusion-one-third fusion-layout-column fusion-spacing-no\" style=\"margin-top:0px;margin-bottom:20px;\"><div class=\"fusion-column-wrapper fusion-animated\" style=\"padding:20px 20px 20px 50px;\" data-animationType=\"slideInRight\" data-animationDuration=\"1\" data-animationOffset=\"100%\"><div class=\"fusion-column-table\"><div class=\"fusion-column-tablecell\"><p style=\"text-align: left;\"><span style=\"font-size: 26px; margin: 0px; padding: 0px; font-family: Lora; color: #867b77;\">Sempre fidel als seus or\u00edgens: Llan\u00e7\u00e0<br \/>\n<\/span><\/p>\n<p>La passi\u00f3 per la cuina del xef Paco P\u00e9rez es desperta a una edat ben jove: amb dotze anys, enceta el cam\u00ed treballant al bar de tapes propietat de la seva fam\u00edlia, i aix\u00ed es forma en la cuina tradicional. A partir d\u2019aquest moment, compagina els estudis i la feina durant les vacances d\u2019estiu en diferents restaurants, i un cop acaba d\u2019estudiar es dedica plenament al m\u00f3n de la gastronomia.<\/p>\n<p>Durant el proc\u00e9s d\u2019aprenentatge i formaci\u00f3, fa diverses estades a Fran\u00e7a amb Michel Gu\u00e9rard, un dels pares de la nouvelle cuisine i posse\u00efdor de tres estrelles Michelin, i de retorn a Catalunya s\u2019identifica amb la creativitat de Ferran Adri\u00e0 a elBulli, amb qui tamb\u00e9 fa diverses estades.<\/p>\n<p>Es casa amb Montse Serra i al seu costat encara l\u2019evoluci\u00f3 del restaurant gastron\u00f2mic Miramar, a la poblaci\u00f3 de Llan\u00e7\u00e0.<\/p>\n<div class=\"fusion-clearfix\"><\/div><\/div><\/div><\/div><\/div><div class=\"fusion-one-sixth fusion-layout-column fusion-column-last fusion-spacing-yes\" style=\"margin-top:0px;margin-bottom:20px;\"><div class=\"fusion-column-wrapper\"><div class=\"fusion-clearfix\"><\/div><\/div><\/div><div class=\"fusion-clearfix\"><\/div><\/div><\/div><div class=\"fusion-fullwidth fullwidth-box fusion-fullwidth-3  fusion-parallax-none nonhundred-percent-fullwidth fusion-equal-height-columns\" style=\"border-color:#eae9e9;border-bottom-width: 0px;border-top-width: 0px;border-bottom-style: solid;border-top-style: solid;padding-bottom:35px;padding-top:20px;padding-left:;padding-right:;\"><style type=\"text\/css\" scoped=\"scoped\">.fusion-fullwidth-3 {\n                            padding-left: px !important;\n                            padding-right: px !important;\n                        }<\/style><div class=\"fusion-row\"><div class=\"fusion-two-fifth fusion-layout-column fusion-spacing-yes\" style=\"margin-top:0px;margin-bottom:20px;\"><div class=\"fusion-column-wrapper fusion-animated\" style=\"padding:20px;\" data-animationType=\"slideInLeft\" data-animationDuration=\"1\" data-animationOffset=\"100%\"><p>L\u2019any 2008, Paco P\u00e9rez es posa al capdavant dels fogons d\u2019Enoteca a l\u2019Hotel Arts Barcelona, on t\u00e9 l\u2019oportunitat de traslladar tota l\u2019ess\u00e8ncia dels seus or\u00edgens a la Costa Brava fins a la costa barcelonina.<\/p>\n<p>Paco P\u00e9rez treballa per assolir l\u2019objectiu de guanyar-se la complicitat dels seus comensals cada dia, mitjan\u00e7ant un concepte \u00fanic i innovador que es descriu com la frescor del mar i l\u2019ess\u00e8ncia del producte.<\/p>\n<div class=\"fusion-clearfix\"><\/div><\/div><\/div><div class=\"fusion-three-fifth fusion-layout-column fusion-column-last fusion-spacing-yes\" style=\"margin-top:0px;margin-bottom:20px;\"><div class=\"fusion-column-wrapper fusion-animated\" style=\"background:url(https:\/\/enotecapacoperez.com\/wp-content\/uploads\/2016\/04\/IMG_9264.jpg) center center no-repeat ;-webkit-background-size:cover;-moz-background-size:cover;-o-background-size:cover;background-size:cover;padding:100px;\" data-bg-url=\"https:\/\/enotecapacoperez.com\/wp-content\/uploads\/2016\/04\/IMG_9264.jpg\" data-animationType=\"fadeIn\" data-animationDuration=\"0.9\" data-animationOffset=\"100%\"><div class=\"fusion-clearfix\"><\/div><\/div><\/div><div class=\"fusion-clearfix\"><\/div><\/div><\/div><div class=\"fusion-fullwidth fullwidth-box fusion-fullwidth-4  fusion-parallax-none nonhundred-percent-fullwidth fusion-equal-height-columns\" style=\"border-color:#eae9e9;border-bottom-width: 0px;border-top-width: 0px;border-bottom-style: solid;border-top-style: solid;padding-bottom:35px;padding-top:20px;padding-left:;padding-right:;\"><style type=\"text\/css\" scoped=\"scoped\">.fusion-fullwidth-4 {\n                            padding-left: px !important;\n                            padding-right: px !important;\n                        }<\/style><div class=\"fusion-row\"><div class=\"fusion-three-fifth fusion-layout-column fusion-spacing-no\" style=\"margin-top:0px;margin-bottom:20px;\"><div class=\"fusion-column-wrapper fusion-animated\" style=\"background:url(https:\/\/enotecapacoperez.com\/wp-content\/uploads\/2026\/02\/paco_arco2-1-1.webp) center center no-repeat ;-webkit-background-size:cover;-moz-background-size:cover;-o-background-size:cover;background-size:cover;padding:100px;\" data-bg-url=\"https:\/\/enotecapacoperez.com\/wp-content\/uploads\/2026\/02\/paco_arco2-1-1.webp\" data-animationType=\"slideInLeft\" data-animationDuration=\"1\" data-animationOffset=\"100%\"><div class=\"fusion-column-table\"><div class=\"fusion-column-tablecell\"><div class=\"fusion-clearfix\"><\/div><\/div><\/div><\/div><\/div><div class=\"fusion-two-fifth fusion-layout-column fusion-column-last fusion-spacing-yes\" style=\"margin-top:0px;margin-bottom:20px;\"><div class=\"fusion-column-wrapper fusion-animated\" style=\"padding:20px;\" data-animationType=\"fadeIn\" data-animationDuration=\"0.9\" data-animationOffset=\"100%\"><p style=\"text-align: left;\"><span style=\"font-size: 26px; margin: 0px; padding: 0px; font-family: Lora; color: #867b77;\">La traject\u00f2ria de Paco P\u00e9rez<br \/>\n<\/span><\/p>\n<p>Un xef de car\u00e0cter i de profunda vocaci\u00f3 culin\u00e0ria. La seva traject\u00f2ria, marcada per la cerca, les bones maneres de fer i el treball en equip, l\u2019ha portat al reconeixement de les estrelles Michelin.<\/p>\n<p>El xef Paco P\u00e9rez disposa de cinc estrelles Michelin: dues estrelles al restaurant Miramar, una estrella Michelin al restaurant Arc de Gdansk i dues estrelles al restaurant Enoteca de Barcelona.<\/p>\n<p>Paco P\u00e9rez no deixa de perseverar en la cerca d\u2019experi\u00e8ncies gastron\u00f2miques, mitjan\u00e7ant una cuina m\u00e9s avantguardista i creativa.<\/p>\n<div class=\"fusion-clearfix\"><\/div><\/div><\/div><div class=\"fusion-clearfix\"><\/div><\/div><\/div><div class=\"fusion-fullwidth fullwidth-box fusion-fullwidth-5  fusion-parallax-none nonhundred-percent-fullwidth\" style=\"border-color:#eae9e9;border-bottom-width: 0px;border-top-width: 0px;border-bottom-style: solid;border-top-style: solid;padding-bottom:30px;padding-top:30px;padding-left:;padding-right:;background-color:#ebeae8;\"><style type=\"text\/css\" scoped=\"scoped\">.fusion-fullwidth-5 {\n                            padding-left: px !important;\n                            padding-right: px !important;\n                        }<\/style><div class=\"fusion-row\"><div class=\"fusion-one-half fusion-layout-column fusion-spacing-yes mobile-text-center\" style=\"margin-top:0px;margin-bottom:20px;\"><div class=\"fusion-column-wrapper\"><div class=\"fusion-button-wrapper fusion-alignright\"><style type=\"text\/css\" scoped=\"scoped\">.fusion-button.button-1 .fusion-button-text, .fusion-button.button-1 i {color:rgba(105,97,95,1);}.fusion-button.button-1 {border-width:1px;border-color:rgba(105,97,95,1);}.fusion-button.button-1 .fusion-button-icon-divider{border-color:rgba(105,97,95,1);}.fusion-button.button-1:hover .fusion-button-text, .fusion-button.button-1:hover i,.fusion-button.button-1:focus .fusion-button-text, .fusion-button.button-1:focus i,.fusion-button.button-1:active .fusion-button-text, .fusion-button.button-1:active{color:#ffffff;}.fusion-button.button-1:hover, .fusion-button.button-1:focus, .fusion-button.button-1:active{border-width:1px;border-color:#ffffff;}.fusion-button.button-1:hover .fusion-button-icon-divider, .fusion-button.button-1:hover .fusion-button-icon-divider, .fusion-button.button-1:active .fusion-button-icon-divider{border-color:#ffffff;}.fusion-button.button-1{background: rgba(105,97,95,0);}.fusion-button.button-1:hover,.button-1:focus,.fusion-button.button-1:active{background: rgba(105,97,95,1);}.fusion-button.button-1{width:auto;}<\/style><a class=\"fusion-button button-flat button-round button-large button-default button-1\" target=\"_self\" href=\"https:\/\/www.sevenrooms.com\/reservations\/enotecapacoperez\"><span class=\"fusion-button-text\">Reserveu la vostra taula<\/span><\/a><\/div><div class=\"fusion-clearfix\"><\/div><\/div><\/div><div class=\"fusion-one-half fusion-layout-column fusion-column-last fusion-spacing-yes mobile-text-center\" style=\"margin-top:0px;margin-bottom:20px;\"><div class=\"fusion-column-wrapper\"><div class=\"fusion-button-wrapper fusion-alignleft\"><style type=\"text\/css\" scoped=\"scoped\">.fusion-button.button-2 .fusion-button-text, .fusion-button.button-2 i {color:rgba(105,97,95,1);}.fusion-button.button-2 {border-width:1px;border-color:rgba(105,97,95,1);}.fusion-button.button-2 .fusion-button-icon-divider{border-color:rgba(105,97,95,1);}.fusion-button.button-2:hover .fusion-button-text, .fusion-button.button-2:hover i,.fusion-button.button-2:focus .fusion-button-text, .fusion-button.button-2:focus i,.fusion-button.button-2:active .fusion-button-text, .fusion-button.button-2:active{color:#ffffff;}.fusion-button.button-2:hover, .fusion-button.button-2:focus, .fusion-button.button-2:active{border-width:1px;border-color:#ffffff;}.fusion-button.button-2:hover .fusion-button-icon-divider, .fusion-button.button-2:hover .fusion-button-icon-divider, .fusion-button.button-2:active .fusion-button-icon-divider{border-color:#ffffff;}.fusion-button.button-2{background: rgba(105,97,95,0);}.fusion-button.button-2:hover,.button-2:focus,.fusion-button.button-2:active{background: rgba(105,97,95,1);}.fusion-button.button-2{width:auto;}<\/style><a class=\"fusion-button button-flat button-round button-large button-default button-2\" target=\"_self\" href=\"https:\/\/hotelartsbarcelona.skchase.com\/vouchers\"><span class=\"fusion-button-text\">El regal de l\u2019Enoteca<\/span><\/a><\/div><div class=\"fusion-clearfix\"><\/div><\/div><\/div><div class=\"fusion-clearfix\"><\/div><\/div><\/div><style>#main{padding-top:0;padding-bottom:0;}<\/style>\n\n","protected":false},"excerpt":{"rendered":"","protected":false},"author":13,"featured_media":0,"parent":0,"menu_order":0,"comment_status":"closed","ping_status":"closed","template":"100-width.php","meta":{"_acf_changed":false,"footnotes":""},"class_list":["post-4075","page","type-page","status-publish","hentry"],"acf":[],"_links":{"self":[{"href":"https:\/\/enotecapacoperez.com\/ca\/wp-json\/wp\/v2\/pages\/4075","targetHints":{"allow":["GET"]}}],"collection":[{"href":"https:\/\/enotecapacoperez.com\/ca\/wp-json\/wp\/v2\/pages"}],"about":[{"href":"https:\/\/enotecapacoperez.com\/ca\/wp-json\/wp\/v2\/types\/page"}],"author":[{"embeddable":true,"href":"https:\/\/enotecapacoperez.com\/ca\/wp-json\/wp\/v2\/users\/13"}],"replies":[{"embeddable":true,"href":"https:\/\/enotecapacoperez.com\/ca\/wp-json\/wp\/v2\/comments?post=4075"}],"version-history":[{"count":8,"href":"https:\/\/enotecapacoperez.com\/ca\/wp-json\/wp\/v2\/pages\/4075\/revisions"}],"predecessor-version":[{"id":4476,"href":"https:\/\/enotecapacoperez.com\/ca\/wp-json\/wp\/v2\/pages\/4075\/revisions\/4476"}],"wp:attachment":[{"href":"https:\/\/enotecapacoperez.com\/ca\/wp-json\/wp\/v2\/media?parent=4075"}],"curies":[{"name":"wp","href":"https:\/\/api.w.org\/{rel}","templated":true}]}}