{"id":4086,"date":"2025-07-28T08:47:19","date_gmt":"2025-07-28T08:47:19","guid":{"rendered":"https:\/\/enotecapacoperez.com\/?page_id=4086"},"modified":"2026-02-09T12:48:30","modified_gmt":"2026-02-09T12:48:30","slug":"origen","status":"publish","type":"page","link":"https:\/\/enotecapacoperez.com\/ca\/origen\/","title":{"rendered":"Origen"},"content":{"rendered":"<div class=\"fusion-fullwidth fullwidth-box fusion-fullwidth-1  fusion-parallax-none nonhundred-percent-fullwidth\" style=\"border-color:#eae9e9;border-bottom-width: 0px;border-top-width: 0px;border-bottom-style: solid;border-top-style: solid;padding-bottom:350px;padding-top:350px;padding-left:;padding-right:;background-position:center top;background-repeat:no-repeat;-webkit-background-size:cover;-moz-background-size:cover;-o-background-size:cover;background-size:cover;-ms-filter: &quot;progid:DXImageTransform.Microsoft.AlphaImageLoader(src=&#039;https:\/\/enotecapacoperez.com\/wp-content\/uploads\/2024\/02\/ORIGEN-scaled.jpg&#039;, sizingMethod=&#039;scale&#039;)&quot;;background-image: url(https:\/\/enotecapacoperez.com\/wp-content\/uploads\/2024\/02\/ORIGEN-scaled.jpg);\"><style type=\"text\/css\" scoped=\"scoped\">.fusion-fullwidth-1 {\n                            padding-left: px !important;\n                            padding-right: px !important;\n                        }<\/style><div class=\"fusion-row\"><\/div><\/div><div class=\"fusion-fullwidth fullwidth-box fusion-fullwidth-2  fusion-parallax-none hundred-percent-fullwidth fusion-equal-height-columns\" style=\"border-color:#eae9e9;border-bottom-width: 0px;border-top-width: 0px;border-bottom-style: solid;border-top-style: solid;padding-bottom:20px;padding-top:20px;padding-left:0px;padding-right:0px;\"><style type=\"text\/css\" scoped=\"scoped\">.fusion-fullwidth-2 {\n                            padding-left: 0px !important;\n                            padding-right: 0px !important;\n                        }<\/style><div class=\"fusion-row\"><h1 style=\"text-align: center;\"><span style=\"font-family: Lora;\">Origen<\/span><\/h1>\n<h1 style=\"text-align: center;\"><span style=\"font-family: Lora; font-size: 28px;\"><em>Enoteca \u00e9s un homenatge a l\u2019origen, un lloc on la geografia empordanesa s\u2019uneix amb els sentits a la ciutat de Barcelona<\/em><\/span><\/h1>\n<div class=\"fusion-sep-clear\"><\/div><div class=\"fusion-separator fusion-full-width-sep sep-none\" style=\"border-color:#e0dede;margin-left: auto;margin-right: auto;margin-top:10px;margin-bottom:10px;\"><\/div><div class=\"fusion-one-half fusion-layout-column fusion-spacing-no\" style=\"margin-top:0px;margin-bottom:20px;\"><div class=\"fusion-column-wrapper fusion-animated\" style=\"background:url(https:\/\/enotecapacoperez.com\/wp-content\/uploads\/2021\/06\/Enoteca_Origen5.jpg) center center no-repeat ;-webkit-background-size:cover;-moz-background-size:cover;-o-background-size:cover;background-size:cover;padding:100px;\" data-bg-url=\"https:\/\/enotecapacoperez.com\/wp-content\/uploads\/2021\/06\/Enoteca_Origen5.jpg\" data-animationType=\"fadeIn\" data-animationDuration=\"0.9\" data-animationOffset=\"100%\"><div class=\"fusion-column-table\"><div class=\"fusion-column-tablecell\"><div class=\"fusion-clearfix\"><\/div><\/div><\/div><\/div><\/div><div class=\"fusion-one-third fusion-layout-column fusion-spacing-no\" style=\"margin-top:0px;margin-bottom:20px;\"><div class=\"fusion-column-wrapper fusion-animated\" style=\"padding:20px 20px 20px 50px;\" data-animationType=\"slideInRight\" data-animationDuration=\"1\" data-animationOffset=\"100%\"><div class=\"fusion-column-table\"><div class=\"fusion-column-tablecell\"><p style=\"text-align: left;\"><span style=\"font-size: 26px; margin: 0px; padding: 0px; font-family: Lora; color: #867b77;\">L\u00b4ess\u00e8ncia de la Mar d\u2019Amunt<\/span><\/p>\n<p>Concebuda per celebrar la puresa dels sabors de la costa on s\u2019inspira i evoluciona per buscar l\u2019excel\u00b7l\u00e8ncia, la cuina de Paco P\u00e9rez \u00e9s un paisatge personal en el qual conflueixen mar, hort i muntanya. Sense sortir d\u2019aquest mirador barcelon\u00ed, descobrim la barreja subtil de calma i f\u00faria que els elements graven en una destinaci\u00f3 de llegenda.<\/p>\n<p>Del poble blanc de Dal\u00ed, Cadaqu\u00e9s, al Llan\u00e7\u00e0 del mateix Paco P\u00e9rez, recorrem el paratge on neix la tramuntana, el cap de Creus. \u00c9s el paisatge que el xef Paco P\u00e9rez veu cada dia des del seu restaurant de Llan\u00e7\u00e0, una franja abrupta esculpida pel vent i les ones. Els mateixos paratges que recorria descal\u00e7 de nen, saltant de roca en roca, xipollejant, servint-se amb les pr\u00f2pies mans dels excepcionals productes que li oferia el mar: musclos de roca, ostres, eri\u00e7ons, llepasses acompanyades d\u2019unes gotes de llimona. Aqu\u00ed va sorgir la seva curiositat, el respecte pels sabors, l\u2019amor per un rac\u00f3 \u00fanic al m\u00f3n.<\/p>\n<div class=\"fusion-clearfix\"><\/div><\/div><\/div><\/div><\/div><div class=\"fusion-one-sixth fusion-layout-column fusion-column-last fusion-spacing-yes\" style=\"margin-top:0px;margin-bottom:20px;\"><div class=\"fusion-column-wrapper\"><div class=\"fusion-clearfix\"><\/div><\/div><\/div><div class=\"fusion-clearfix\"><\/div><\/div><\/div><div class=\"fusion-fullwidth fullwidth-box fusion-fullwidth-3  fusion-parallax-none nonhundred-percent-fullwidth fusion-equal-height-columns\" style=\"border-color:#eae9e9;border-bottom-width: 0px;border-top-width: 0px;border-bottom-style: solid;border-top-style: solid;padding-bottom:35px;padding-top:20px;padding-left:;padding-right:;\"><style type=\"text\/css\" scoped=\"scoped\">.fusion-fullwidth-3 {\n                            padding-left: px !important;\n                            padding-right: px !important;\n                        }<\/style><div class=\"fusion-row\"><div class=\"fusion-two-fifth fusion-layout-column fusion-spacing-yes\" style=\"margin-top:0px;margin-bottom:20px;\"><div class=\"fusion-column-wrapper fusion-animated\" style=\"padding:20px;\" data-animationType=\"slideInLeft\" data-animationDuration=\"1\" data-animationOffset=\"100%\"><p>D\u2019aqu\u00ed neix fa m\u00e9s de disset anys Enoteca, que es pot definir com una perla de la Costa Brava arribada per embolcallar aquest indret privilegiat de Barcelona amb l\u2019ess\u00e8ncia dels racons de la geografia empordanesa, que connecta la natura amb els sentits i esdev\u00e9 tota una experi\u00e8ncia per a gaudir, compartir i assaborir un luxe genu\u00ed.<\/p>\n<div class=\"fusion-clearfix\"><\/div><\/div><\/div><div class=\"fusion-three-fifth fusion-layout-column fusion-column-last fusion-spacing-yes\" style=\"margin-top:0px;margin-bottom:20px;\"><div class=\"fusion-column-wrapper fusion-animated\" style=\"background:url(https:\/\/enotecapacoperez.com\/wp-content\/uploads\/2021\/06\/Enoteca_Origen4.jpg) center center no-repeat ;-webkit-background-size:cover;-moz-background-size:cover;-o-background-size:cover;background-size:cover;padding:100px;\" data-bg-url=\"https:\/\/enotecapacoperez.com\/wp-content\/uploads\/2021\/06\/Enoteca_Origen4.jpg\" data-animationType=\"fadeIn\" data-animationDuration=\"0.9\" data-animationOffset=\"100%\"><div class=\"fusion-clearfix\"><\/div><\/div><\/div><div class=\"fusion-clearfix\"><\/div><\/div><\/div><div class=\"fusion-fullwidth fullwidth-box fusion-fullwidth-4  fusion-parallax-none nonhundred-percent-fullwidth fusion-equal-height-columns\" style=\"border-color:#eae9e9;border-bottom-width: 0px;border-top-width: 0px;border-bottom-style: solid;border-top-style: solid;padding-bottom:35px;padding-top:20px;padding-left:;padding-right:;\"><style type=\"text\/css\" scoped=\"scoped\">.fusion-fullwidth-4 {\n                            padding-left: px !important;\n                            padding-right: px !important;\n                        }<\/style><div class=\"fusion-row\"><div class=\"fusion-three-fifth fusion-layout-column fusion-spacing-no\" style=\"margin-top:0px;margin-bottom:20px;\"><div class=\"fusion-column-wrapper fusion-animated\" style=\"background:url(https:\/\/enotecapacoperez.com\/wp-content\/uploads\/2021\/06\/Enoteca_Origen3.jpg) center center no-repeat ;-webkit-background-size:cover;-moz-background-size:cover;-o-background-size:cover;background-size:cover;padding:100px;\" data-bg-url=\"https:\/\/enotecapacoperez.com\/wp-content\/uploads\/2021\/06\/Enoteca_Origen3.jpg\" data-animationType=\"slideInLeft\" data-animationDuration=\"1\" data-animationOffset=\"100%\"><div class=\"fusion-column-table\"><div class=\"fusion-column-tablecell\"><div class=\"fusion-clearfix\"><\/div><\/div><\/div><\/div><\/div><div class=\"fusion-two-fifth fusion-layout-column fusion-column-last fusion-spacing-yes\" style=\"margin-top:0px;margin-bottom:20px;\"><div class=\"fusion-column-wrapper fusion-animated\" style=\"padding:20px;\" data-animationType=\"fadeIn\" data-animationDuration=\"0.9\" data-animationOffset=\"100%\"><p style=\"text-align: left;\"><span style=\"font-size: 26px; margin: 0px; padding: 0px; font-family: Lora; color: #867b77;\">Estacionalitat a la disposici\u00f3 del producte<br \/>\n<\/span><\/p>\n<p>El Mediterrani \u00e9s canvi, \u00e9s transformaci\u00f3. La natura necessita dormir per oferir-nos despr\u00e9s el seu desvetllament gener\u00f3s. Aquestes difer\u00e8ncies pronunciades entre estacions marquen la carta d\u2019Enoteca, que s\u2019actualitza al ritme dels colors, les aromes i els sabors de la Mar d\u2019Amunt com un element m\u00e9s del seu paisatge. Productes de temporada tan excepcionals com fuga\u00e7os, collits en els seus moments \u00e0lgids i treballats amb la passi\u00f3 que es reserva per a les meravelles et\u00e8ries que ens regala el m\u00f3n.<\/p>\n<p><span style=\"font-size: inherit;\"><\/p>\n<div class=\"fusion-clearfix\"><\/div><\/div><\/div><div class=\"fusion-clearfix\"><\/div><\/div><\/div><div class=\"fusion-fullwidth fullwidth-box fusion-fullwidth-5  fusion-parallax-none nonhundred-percent-fullwidth\" style=\"border-color:#eae9e9;border-bottom-width: 0px;border-top-width: 0px;border-bottom-style: solid;border-top-style: solid;padding-bottom:30px;padding-top:30px;padding-left:;padding-right:;background-color:#ebeae8;\"><style type=\"text\/css\" scoped=\"scoped\">.fusion-fullwidth-5 {\n                            padding-left: px !important;\n                            padding-right: px !important;\n                        }<\/style><div class=\"fusion-row\"><div class=\"fusion-one-half fusion-layout-column fusion-spacing-yes mobile-text-center\" style=\"margin-top:0px;margin-bottom:20px;\"><div class=\"fusion-column-wrapper\"><div class=\"fusion-button-wrapper fusion-alignright\"><style type=\"text\/css\" scoped=\"scoped\">.fusion-button.button-1 .fusion-button-text, .fusion-button.button-1 i {color:rgba(105,97,95,1);}.fusion-button.button-1 {border-width:1px;border-color:rgba(105,97,95,1);}.fusion-button.button-1 .fusion-button-icon-divider{border-color:rgba(105,97,95,1);}.fusion-button.button-1:hover .fusion-button-text, .fusion-button.button-1:hover i,.fusion-button.button-1:focus .fusion-button-text, .fusion-button.button-1:focus i,.fusion-button.button-1:active .fusion-button-text, .fusion-button.button-1:active{color:#ffffff;}.fusion-button.button-1:hover, .fusion-button.button-1:focus, .fusion-button.button-1:active{border-width:1px;border-color:#ffffff;}.fusion-button.button-1:hover .fusion-button-icon-divider, .fusion-button.button-1:hover .fusion-button-icon-divider, .fusion-button.button-1:active .fusion-button-icon-divider{border-color:#ffffff;}.fusion-button.button-1{background: rgba(105,97,95,0);}.fusion-button.button-1:hover,.button-1:focus,.fusion-button.button-1:active{background: rgba(105,97,95,1);}.fusion-button.button-1{width:auto;}<\/style><a class=\"fusion-button button-flat button-round button-large button-default button-1\" target=\"_self\" href=\"https:\/\/www.sevenrooms.com\/reservations\/enotecapacoperez\"><span class=\"fusion-button-text\">Reserveu la vostra taula<\/span><\/a><\/div><div class=\"fusion-clearfix\"><\/div><\/div><\/div><div class=\"fusion-one-half fusion-layout-column fusion-column-last fusion-spacing-yes mobile-text-center\" style=\"margin-top:0px;margin-bottom:20px;\"><div class=\"fusion-column-wrapper\"><div class=\"fusion-button-wrapper fusion-alignleft\"><style type=\"text\/css\" scoped=\"scoped\">.fusion-button.button-2 .fusion-button-text, .fusion-button.button-2 i {color:rgba(105,97,95,1);}.fusion-button.button-2 {border-width:1px;border-color:rgba(105,97,95,1);}.fusion-button.button-2 .fusion-button-icon-divider{border-color:rgba(105,97,95,1);}.fusion-button.button-2:hover .fusion-button-text, .fusion-button.button-2:hover i,.fusion-button.button-2:focus .fusion-button-text, .fusion-button.button-2:focus i,.fusion-button.button-2:active .fusion-button-text, .fusion-button.button-2:active{color:#ffffff;}.fusion-button.button-2:hover, .fusion-button.button-2:focus, .fusion-button.button-2:active{border-width:1px;border-color:#ffffff;}.fusion-button.button-2:hover .fusion-button-icon-divider, .fusion-button.button-2:hover .fusion-button-icon-divider, .fusion-button.button-2:active .fusion-button-icon-divider{border-color:#ffffff;}.fusion-button.button-2{background: rgba(105,97,95,0);}.fusion-button.button-2:hover,.button-2:focus,.fusion-button.button-2:active{background: rgba(105,97,95,1);}.fusion-button.button-2{width:auto;}<\/style><a class=\"fusion-button button-flat button-round button-large button-default button-2\" target=\"_self\" href=\"https:\/\/hotelartsbarcelona.skchase.com\/vouchers\"><span class=\"fusion-button-text\">El regal de l\u2019Enoteca<\/span><\/a><\/div><div class=\"fusion-clearfix\"><\/div><\/div><\/div><div class=\"fusion-clearfix\"><\/div><\/div><\/div><p><\/span><\/p>\n<style>#main{padding-top:0;padding-bottom:0;}<\/style>\n\n","protected":false},"excerpt":{"rendered":"","protected":false},"author":13,"featured_media":0,"parent":0,"menu_order":0,"comment_status":"closed","ping_status":"closed","template":"100-width.php","meta":{"_acf_changed":false,"footnotes":""},"class_list":["post-4086","page","type-page","status-publish","hentry"],"acf":[],"_links":{"self":[{"href":"https:\/\/enotecapacoperez.com\/ca\/wp-json\/wp\/v2\/pages\/4086","targetHints":{"allow":["GET"]}}],"collection":[{"href":"https:\/\/enotecapacoperez.com\/ca\/wp-json\/wp\/v2\/pages"}],"about":[{"href":"https:\/\/enotecapacoperez.com\/ca\/wp-json\/wp\/v2\/types\/page"}],"author":[{"embeddable":true,"href":"https:\/\/enotecapacoperez.com\/ca\/wp-json\/wp\/v2\/users\/13"}],"replies":[{"embeddable":true,"href":"https:\/\/enotecapacoperez.com\/ca\/wp-json\/wp\/v2\/comments?post=4086"}],"version-history":[{"count":7,"href":"https:\/\/enotecapacoperez.com\/ca\/wp-json\/wp\/v2\/pages\/4086\/revisions"}],"predecessor-version":[{"id":4477,"href":"https:\/\/enotecapacoperez.com\/ca\/wp-json\/wp\/v2\/pages\/4086\/revisions\/4477"}],"wp:attachment":[{"href":"https:\/\/enotecapacoperez.com\/ca\/wp-json\/wp\/v2\/media?parent=4086"}],"curies":[{"name":"wp","href":"https:\/\/api.w.org\/{rel}","templated":true}]}}