{"id":4092,"date":"2025-07-28T09:10:05","date_gmt":"2025-07-28T09:10:05","guid":{"rendered":"https:\/\/enotecapacoperez.com\/?page_id=4092"},"modified":"2026-02-09T12:53:01","modified_gmt":"2026-02-09T12:53:01","slug":"producte","status":"publish","type":"page","link":"https:\/\/enotecapacoperez.com\/ca\/producte\/","title":{"rendered":"Producte"},"content":{"rendered":"<div class=\"fusion-fullwidth fullwidth-box fusion-fullwidth-1  fusion-parallax-none nonhundred-percent-fullwidth\" style=\"border-color:#eae9e9;border-bottom-width: 0px;border-top-width: 0px;border-bottom-style: solid;border-top-style: solid;padding-bottom:350px;padding-top:350px;padding-left:;padding-right:;background-position:center top;background-repeat:no-repeat;-webkit-background-size:cover;-moz-background-size:cover;-o-background-size:cover;background-size:cover;-ms-filter: &quot;progid:DXImageTransform.Microsoft.AlphaImageLoader(src=&#039;https:\/\/enotecapacoperez.com\/wp-content\/uploads\/2021\/06\/Enoteca_Producto1.jpg&#039;, sizingMethod=&#039;scale&#039;)&quot;;background-image: url(https:\/\/enotecapacoperez.com\/wp-content\/uploads\/2021\/06\/Enoteca_Producto1.jpg);\"><style type=\"text\/css\" scoped=\"scoped\">.fusion-fullwidth-1 {\n                            padding-left: px !important;\n                            padding-right: px !important;\n                        }<\/style><div class=\"fusion-row\"><\/div><\/div><div class=\"fusion-fullwidth fullwidth-box fusion-fullwidth-2  fusion-parallax-none nonhundred-percent-fullwidth\" style=\"border-color:#eae9e9;border-bottom-width: 0px;border-top-width: 0px;border-bottom-style: solid;border-top-style: solid;padding-bottom:20px;padding-top:20px;padding-left:;padding-right:;\"><style type=\"text\/css\" scoped=\"scoped\">.fusion-fullwidth-2 {\n                            padding-left: px !important;\n                            padding-right: px !important;\n                        }<\/style><div class=\"fusion-row\"><h1 style=\"text-align: center;\"><span style=\"font-family: Lora;\">Producte<\/span><\/h1>\n<h1 style=\"text-align: center;\"><span style=\"font-family: Lora; font-size: 28px;\"><em>&#8220;La nostra cuina \u00e9s un paisatge personal en el qual conflueixen productes del mar, de l&#8217;hort i la muntanya&#8221;<\/em> \u2013 Paco P\u00e9rez<\/span><\/h1>\n<div class=\"fusion-sep-clear\"><\/div><div class=\"fusion-separator fusion-full-width-sep sep-none\" style=\"border-color:#e0dede;margin-left: auto;margin-right: auto;margin-top:10px;margin-bottom:10px;\"><\/div><div class=\"fusion-three-fifth fusion-layout-column fusion-spacing-yes\" style=\"margin-top:0px;margin-bottom:20px;\"><div class=\"fusion-column-wrapper\"><div class=\"imageframe-align-center\"><span class=\"fusion-imageframe imageframe-none imageframe-1 hover-type-none\"> <img decoding=\"async\" alt=\"\" src=\"https:\/\/enotecapacoperez.com\/wp-content\/uploads\/2021\/08\/Enoteca_Producto_Hamachi.jpg\" class=\"img-responsive\"\/><\/span><\/div><div class=\"fusion-clearfix\"><\/div><\/div><\/div><div class=\"fusion-two-fifth fusion-layout-column fusion-column-last fusion-spacing-yes\" style=\"margin-top:0px;margin-bottom:20px;\"><div class=\"fusion-column-wrapper fusion-animated\" style=\"padding:20px;\" data-animationType=\"slideInRight\" data-animationDuration=\"1\" data-animationOffset=\"100%\"><p style=\"text-align: left;\"><span style=\"font-size: 26px; margin: 0px; padding: 0px; font-family: Lora; color: #867b77;\">Mar<\/span><\/p>\n<p>La veda for\u00e7osa que imposa la tramuntana, que durant bona part de l\u2019any impedeix pescar, a m\u00e9s dels agrestos penya-segats dif\u00edcils d\u2019accedir-hi, fan de la Mar d\u2019Amunt un territori fred i inh\u00f2spit en les aig\u00fces del qual regna un ecosistema salvatge que fa les del\u00edcies dels amants del sabor del mar: llobarros, sards i turbots excepcionals; gambes i escamarlans reconeguts arreu del m\u00f3n; el llam\u00e0ntol blau i les anxoves; o les cobejades espardenyes de la Mar d\u2019Amunt, amb una textura i una mossegada que les converteixen en un producte excepcional.<span style=\"font-size: inherit;\"><\/p>\n<div class=\"fusion-clearfix\"><\/div><\/div><\/div><div class=\"fusion-clearfix\"><\/div><\/div><\/div><div class=\"fusion-fullwidth fullwidth-box fusion-fullwidth-3  fusion-parallax-none hundred-percent-fullwidth fusion-equal-height-columns\" style=\"border-color:#eae9e9;border-bottom-width: 0px;border-top-width: 0px;border-bottom-style: solid;border-top-style: solid;padding-bottom:20px;padding-top:20px;padding-left:0px;padding-right:0px;\"><style type=\"text\/css\" scoped=\"scoped\">.fusion-fullwidth-3 {\n                            padding-left: 0px !important;\n                            padding-right: 0px !important;\n                        }<\/style><div class=\"fusion-row\"><div class=\"fusion-one-sixth fusion-layout-column fusion-spacing-yes\" style=\"margin-top:0px;margin-bottom:20px;\"><div class=\"fusion-column-wrapper\"><div class=\"fusion-clearfix\"><\/div><\/div><\/div><div class=\"fusion-one-third fusion-layout-column fusion-spacing-yes\" style=\"margin-top:0px;margin-bottom:20px;\"><div class=\"fusion-column-wrapper fusion-animated\" style=\"padding:20px;\" data-animationType=\"slideInLeft\" data-animationDuration=\"0.8\" data-animationOffset=\"100%\"><p><\/span><\/p>\n<p><span style=\"font-size: 26px; margin: 0px; padding: 0px; font-family: Lora; color: #867b77;\">Hort<\/span><\/p>\n<p>El substrat de la Mar d\u2019Amunt beu directament de l\u2019aigua marina, i aix\u00f2 aporta a la seva terra un punt de salinitat molt valorat que es pot percebre en les meravelles dels seus horts: aquelles carxofes de flor collides despr\u00e9s de nom\u00e9s quatre dies per confitar-les durant cinc mesos amb algues de mar, l\u2019explosi\u00f3 de sabor del tom\u00e0quet de cor de bou, els p\u00e8sols ll\u00e0grima, el nap negre de Capmany; la textura incomparable de l\u2019ametlla tendra i, per descomptat, l\u2019excepcionalitat dels seus vins i olis. I \u00e9s que conrear la terra de la Mar d\u2019Amunt \u00e9s conrear els sentits propis, la curiositat, la capacitat de sorprendre en cada mossada.<span style=\"font-size: inherit;\"><\/p>\n<div class=\"fusion-clearfix\"><\/div><\/div><\/div><div class=\"fusion-one-half fusion-layout-column fusion-column-last fusion-spacing-yes\" style=\"margin-top:0px;margin-bottom:20px;\"><div class=\"fusion-column-wrapper\" style=\"background:url(https:\/\/enotecapacoperez.com\/wp-content\/uploads\/2021\/06\/Enoteca_Producto3.jpg) center center no-repeat ;-webkit-background-size:cover;-moz-background-size:cover;-o-background-size:cover;background-size:cover;\" data-bg-url=\"https:\/\/enotecapacoperez.com\/wp-content\/uploads\/2021\/06\/Enoteca_Producto3.jpg\"><div class=\"fusion-clearfix\"><\/div><\/div><\/div><div class=\"fusion-clearfix\"><\/div><\/div><\/div><div class=\"fusion-fullwidth fullwidth-box fusion-fullwidth-4  fusion-parallax-none nonhundred-percent-fullwidth\" style=\"border-color:#eae9e9;border-bottom-width: 0px;border-top-width: 0px;border-bottom-style: solid;border-top-style: solid;padding-bottom:20px;padding-top:20px;padding-left:;padding-right:;\"><style type=\"text\/css\" scoped=\"scoped\">.fusion-fullwidth-4 {\n                            padding-left: px !important;\n                            padding-right: px !important;\n                        }<\/style><div class=\"fusion-row\"><div class=\"fusion-three-fifth fusion-layout-column fusion-spacing-yes\" style=\"margin-top:0px;margin-bottom:20px;\"><div class=\"fusion-column-wrapper\"><div class=\"imageframe-align-center\"><span class=\"fusion-imageframe imageframe-none imageframe-2 hover-type-none\"> <img decoding=\"async\" alt=\"\" src=\"https:\/\/enotecapacoperez.com\/wp-content\/uploads\/2021\/06\/Enoteca_Producto4.jpg\" class=\"img-responsive\"\/><\/span><\/div><div class=\"fusion-clearfix\"><\/div><\/div><\/div><div class=\"fusion-two-fifth fusion-layout-column fusion-column-last fusion-spacing-yes\" style=\"margin-top:0px;margin-bottom:20px;\"><div class=\"fusion-column-wrapper fusion-animated\" style=\"padding:20px;\" data-animationType=\"slideInRight\" data-animationDuration=\"0.8\" data-animationOffset=\"100%\"><p><\/span><\/p>\n<p style=\"text-align: left;\"><span style=\"font-size: 26px; margin: 0px; padding: 0px; font-family: Lora; color: #867b77;\">Muntanya<br \/><\/span><\/p>\n<p>La muntanya mor al mar i els seus pendents s\u00f3n la via prop\u00edcia perqu\u00e8 la vida s\u2019enfili fins a cotes m\u00e9s elevades. La singular configuraci\u00f3 morfol\u00f2gica de la muntanya de la Mar d\u2019Amunt, com tamb\u00e9 la salabror d\u2019influ\u00e8ncia mar\u00edtima que impregna el seu relleu accidentat, s\u00f3n terreny f\u00e8rtil per a pins i sureres sota les branques dels quals floreix un dels tresors m\u00e9s preuats d\u2019aquesta zona. Els deliciosos bolets silvestres, entre els quals destaquen les t\u00f2fones, els ceps, els rovellons, els xampinyons o els reigs, provoquen cada tardor una cerca incansable de l\u2019excel\u00b7l\u00e8ncia, el m\u00e0xim exponent de la qual es pot gaudir en els arrossos i els peixos d\u2019Enoteca.<span style=\"font-size: inherit;\"><\/p>\n<div class=\"fusion-clearfix\"><\/div><\/div><\/div><div class=\"fusion-clearfix\"><\/div><\/div><\/div><p><\/span><\/p>\n<p><span style=\"font-size: inherit;\"><\/p>\n<div class=\"fusion-fullwidth fullwidth-box fusion-fullwidth-5  fusion-parallax-none hundred-percent-fullwidth fusion-equal-height-columns\" style=\"border-color:#eae9e9;border-bottom-width: 0px;border-top-width: 0px;border-bottom-style: solid;border-top-style: solid;padding-bottom:20px;padding-top:20px;padding-left:0px;padding-right:0px;\"><style type=\"text\/css\" scoped=\"scoped\">.fusion-fullwidth-5 {\n                            padding-left: 0px !important;\n                            padding-right: 0px !important;\n                        }<\/style><div class=\"fusion-row\"><div class=\"fusion-one-sixth fusion-layout-column fusion-spacing-yes\" style=\"margin-top:0px;margin-bottom:20px;\"><div class=\"fusion-column-wrapper\"><div class=\"fusion-clearfix\"><\/div><\/div><\/div><div class=\"fusion-one-third fusion-layout-column fusion-spacing-yes\" style=\"margin-top:0px;margin-bottom:20px;\"><div class=\"fusion-column-wrapper fusion-animated\" style=\"padding:20px;\" data-animationType=\"slideInLeft\" data-animationDuration=\"0.8\" data-animationOffset=\"100%\"><p><\/span><\/p>\n<p><span style=\"font-size: 26px; margin: 0px; padding: 0px; font-family: Lora; color: #867b77;\">Productors d\u2019excel\u00b7l\u00e8ncia<\/span><\/p>\n<p><span style=\"font-size: inherit;\">La cuina d\u2019Enoteca \u00e9s una cuina de proximitat, on la frescor dels productes \u00e9s una condici\u00f3 innegociable. Aqu\u00ed hi tenen un paper essencial els nostres agricultors, pagesos, ramaders i pescadors, els excel\u00b7lents productes locals dels quals es complementen amb notes transgressores com la <\/span><i><span style=\"font-weight: 400;\">lula<\/span><\/i><span style=\"font-weight: 400;\"> sud-americana, les gambetes de les Rias Baixas o el colom\u00ed de Bres per conformar un ric mosaic de sabors amb identitat mediterr\u00e0nia per\u00f2 obert al m\u00f3n.<\/span><\/p>\n<p>El nostre treball amb aquests petits i mitjans productors, alguns dels quals fruit d\u2019una relaci\u00f3 de m\u00e9s de vint-i-cinc anys, va m\u00e9s enll\u00e0 del simple intercanvi. Experimentem, innovem i descobrim plegats noves maneres de ser feli\u00e7os fent all\u00f2 que ens apassiona, i en s\u00f3n testimoni exemples com el K22 Bonesvalls, un DO Pened\u00e8s cocreat entre Alemany i Corrio i Enoteca; l\u2019exquisit oli d\u2019oliva que se serveix al restaurant, dissenyat en col\u00b7laboraci\u00f3 amb els productors del Baix Maestrat Terres de Llum; o l\u2019hort mar\u00ed ideat al costat d\u2019Antonio Mui\u00f1os, que assorteix la cuina d\u2019Enoteca de brots salins. I \u00e9s que creiem fermament que l\u2019excel\u00b7l\u00e8ncia rau a respectar tant els sabors de les mat\u00e8ries primeres com l\u2019esfor\u00e7 que hi ha darrere de cadascuna d\u2019aquestes.<\/p>\n<div class=\"fusion-clearfix\"><\/div><\/div><\/div><div class=\"fusion-one-half fusion-layout-column fusion-column-last fusion-spacing-yes\" style=\"margin-top:0px;margin-bottom:20px;\"><div class=\"fusion-column-wrapper\" style=\"background:url(https:\/\/enotecapacoperez.com\/wp-content\/uploads\/2021\/06\/Enoteca_Producto5.jpg) center center no-repeat ;-webkit-background-size:cover;-moz-background-size:cover;-o-background-size:cover;background-size:cover;\" data-bg-url=\"https:\/\/enotecapacoperez.com\/wp-content\/uploads\/2021\/06\/Enoteca_Producto5.jpg\"><div class=\"fusion-clearfix\"><\/div><\/div><\/div><div class=\"fusion-clearfix\"><\/div><\/div><\/div><p><span style=\"font-size: inherit;\"><\/p>\n<div class=\"fusion-fullwidth fullwidth-box fusion-fullwidth-6  fusion-parallax-none nonhundred-percent-fullwidth\" style=\"border-color:#eae9e9;border-bottom-width: 0px;border-top-width: 0px;border-bottom-style: solid;border-top-style: solid;padding-bottom:30px;padding-top:30px;padding-left:;padding-right:;background-color:#ebeae8;\"><style type=\"text\/css\" scoped=\"scoped\">.fusion-fullwidth-6 {\n                            padding-left: px !important;\n                            padding-right: px !important;\n                        }<\/style><div class=\"fusion-row\"><div class=\"fusion-one-third fusion-layout-column fusion-spacing-yes mobile-text-center\" style=\"margin-top:0px;margin-bottom:20px;\"><div class=\"fusion-column-wrapper\"><div class=\"fusion-button-wrapper fusion-alignright\"><style type=\"text\/css\" scoped=\"scoped\">.fusion-button.button-1 .fusion-button-text, .fusion-button.button-1 i {color:rgba(105,97,95,1);}.fusion-button.button-1 {border-width:1px;border-color:rgba(105,97,95,1);}.fusion-button.button-1 .fusion-button-icon-divider{border-color:rgba(105,97,95,1);}.fusion-button.button-1:hover .fusion-button-text, .fusion-button.button-1:hover i,.fusion-button.button-1:focus .fusion-button-text, .fusion-button.button-1:focus i,.fusion-button.button-1:active .fusion-button-text, .fusion-button.button-1:active{color:#ffffff;}.fusion-button.button-1:hover, .fusion-button.button-1:focus, .fusion-button.button-1:active{border-width:1px;border-color:#ffffff;}.fusion-button.button-1:hover .fusion-button-icon-divider, .fusion-button.button-1:hover .fusion-button-icon-divider, .fusion-button.button-1:active .fusion-button-icon-divider{border-color:#ffffff;}.fusion-button.button-1{background: rgba(105,97,95,0);}.fusion-button.button-1:hover,.button-1:focus,.fusion-button.button-1:active{background: rgba(105,97,95,1);}.fusion-button.button-1{width:auto;}<\/style><a class=\"fusion-button button-flat button-round button-large button-default button-1\" target=\"_self\" href=\"https:\/\/www.sevenrooms.com\/reservations\/enotecapacoperez\"><span class=\"fusion-button-text\">Reserveu la vostra taula<\/span><\/a><\/div><div class=\"fusion-clearfix\"><\/div><\/div><\/div><div class=\"fusion-one-fifth fusion-layout-column fusion-spacing-yes mobile-text-center\" style=\"margin-top:0px;margin-bottom:20px;\"><div class=\"fusion-column-wrapper\"><div class=\"fusion-button-wrapper fusion-aligncenter\"><style type=\"text\/css\" scoped=\"scoped\">.fusion-button.button-2 .fusion-button-text, .fusion-button.button-2 i {color:rgba(105,97,95,1);}.fusion-button.button-2 {border-width:1px;border-color:rgba(105,97,95,1);}.fusion-button.button-2 .fusion-button-icon-divider{border-color:rgba(105,97,95,1);}.fusion-button.button-2:hover .fusion-button-text, .fusion-button.button-2:hover i,.fusion-button.button-2:focus .fusion-button-text, .fusion-button.button-2:focus i,.fusion-button.button-2:active .fusion-button-text, .fusion-button.button-2:active{color:#ffffff;}.fusion-button.button-2:hover, .fusion-button.button-2:focus, .fusion-button.button-2:active{border-width:1px;border-color:#ffffff;}.fusion-button.button-2:hover .fusion-button-icon-divider, .fusion-button.button-2:hover .fusion-button-icon-divider, .fusion-button.button-2:active .fusion-button-icon-divider{border-color:#ffffff;}.fusion-button.button-2{background: rgba(105,97,95,0);}.fusion-button.button-2:hover,.button-2:focus,.fusion-button.button-2:active{background: rgba(105,97,95,1);}.fusion-button.button-2{width:auto;}<\/style><a class=\"fusion-button button-flat button-round button-large button-default button-2\" target=\"_self\" href=\"https:\/\/enotecapacoperez.com\/en\/the-menu\/\"><span class=\"fusion-button-text\">Veure la carta<\/span><\/a><\/div><div class=\"fusion-clearfix\"><\/div><\/div><\/div><div class=\"fusion-one-third fusion-layout-column fusion-column-last fusion-spacing-yes mobile-text-center\" style=\"margin-top:0px;margin-bottom:20px;\"><div class=\"fusion-column-wrapper\"><div class=\"fusion-button-wrapper fusion-alignleft\"><style type=\"text\/css\" scoped=\"scoped\">.fusion-button.button-3 .fusion-button-text, .fusion-button.button-3 i {color:rgba(105,97,95,1);}.fusion-button.button-3 {border-width:1px;border-color:rgba(105,97,95,1);}.fusion-button.button-3 .fusion-button-icon-divider{border-color:rgba(105,97,95,1);}.fusion-button.button-3:hover .fusion-button-text, .fusion-button.button-3:hover i,.fusion-button.button-3:focus .fusion-button-text, .fusion-button.button-3:focus i,.fusion-button.button-3:active .fusion-button-text, .fusion-button.button-3:active{color:#ffffff;}.fusion-button.button-3:hover, .fusion-button.button-3:focus, .fusion-button.button-3:active{border-width:1px;border-color:#ffffff;}.fusion-button.button-3:hover .fusion-button-icon-divider, .fusion-button.button-3:hover .fusion-button-icon-divider, .fusion-button.button-3:active .fusion-button-icon-divider{border-color:#ffffff;}.fusion-button.button-3{background: rgba(105,97,95,0);}.fusion-button.button-3:hover,.button-3:focus,.fusion-button.button-3:active{background: rgba(105,97,95,1);}.fusion-button.button-3{width:auto;}<\/style><a class=\"fusion-button button-flat button-round button-large button-default button-3\" target=\"_self\" href=\"https:\/\/hotelartsbarcelona.skchase.com\/vouchers\"><span class=\"fusion-button-text\">El regal de l\u2019Enoteca<\/span><\/a><\/div><div class=\"fusion-clearfix\"><\/div><\/div><\/div><div class=\"fusion-clearfix\"><\/div><\/div><\/div><p><\/span><\/p>\n<p><style>#main{padding-top:0;padding-bottom:0;}<\/style>\n<\/p>\n<p><style>#main{padding-top:0;padding-bottom:0;}<\/style><\/p>\n","protected":false},"excerpt":{"rendered":"","protected":false},"author":13,"featured_media":0,"parent":0,"menu_order":0,"comment_status":"closed","ping_status":"closed","template":"100-width.php","meta":{"_acf_changed":false,"footnotes":""},"class_list":["post-4092","page","type-page","status-publish","hentry"],"acf":[],"_links":{"self":[{"href":"https:\/\/enotecapacoperez.com\/ca\/wp-json\/wp\/v2\/pages\/4092","targetHints":{"allow":["GET"]}}],"collection":[{"href":"https:\/\/enotecapacoperez.com\/ca\/wp-json\/wp\/v2\/pages"}],"about":[{"href":"https:\/\/enotecapacoperez.com\/ca\/wp-json\/wp\/v2\/types\/page"}],"author":[{"embeddable":true,"href":"https:\/\/enotecapacoperez.com\/ca\/wp-json\/wp\/v2\/users\/13"}],"replies":[{"embeddable":true,"href":"https:\/\/enotecapacoperez.com\/ca\/wp-json\/wp\/v2\/comments?post=4092"}],"version-history":[{"count":20,"href":"https:\/\/enotecapacoperez.com\/ca\/wp-json\/wp\/v2\/pages\/4092\/revisions"}],"predecessor-version":[{"id":4483,"href":"https:\/\/enotecapacoperez.com\/ca\/wp-json\/wp\/v2\/pages\/4092\/revisions\/4483"}],"wp:attachment":[{"href":"https:\/\/enotecapacoperez.com\/ca\/wp-json\/wp\/v2\/media?parent=4092"}],"curies":[{"name":"wp","href":"https:\/\/api.w.org\/{rel}","templated":true}]}}