{"id":4138,"date":"2025-07-28T11:05:55","date_gmt":"2025-07-28T11:05:55","guid":{"rendered":"https:\/\/enotecapacoperez.com\/?page_id=4138"},"modified":"2026-03-25T16:11:45","modified_gmt":"2026-03-25T16:11:45","slug":"el-menu","status":"publish","type":"page","link":"https:\/\/enotecapacoperez.com\/ca\/el-menu\/","title":{"rendered":"El men\u00fa"},"content":{"rendered":"<div class=\"fusion-fullwidth fullwidth-box fusion-fullwidth-1  fusion-parallax-none nonhundred-percent-fullwidth\" style=\"border-color:#eae9e9;border-bottom-width: 0px;border-top-width: 0px;border-bottom-style: solid;border-top-style: solid;padding-bottom:350px;padding-top:350px;padding-left:;padding-right:;background-position:left center;background-repeat:no-repeat;-webkit-background-size:cover;-moz-background-size:cover;-o-background-size:cover;background-size:cover;-ms-filter: &quot;progid:DXImageTransform.Microsoft.AlphaImageLoader(src=&#039;https:\/\/enotecapacoperez.com\/wp-content\/uploads\/2024\/02\/MENU-scaled.jpg&#039;, sizingMethod=&#039;scale&#039;)&quot;;background-image: url(https:\/\/enotecapacoperez.com\/wp-content\/uploads\/2024\/02\/MENU-scaled.jpg);\"><style type=\"text\/css\" scoped=\"scoped\">.fusion-fullwidth-1 {\n                            padding-left: px !important;\n                            padding-right: px !important;\n                        }<\/style><div class=\"fusion-row\"><\/div><\/div><div class=\"fusion-fullwidth fullwidth-box fusion-fullwidth-2  fusion-parallax-fixed nonhundred-percent-fullwidth\" style=\"border-color:#eae9e9;border-bottom-width: 0px;border-top-width: 0px;border-bottom-style: solid;border-top-style: solid;padding-bottom:0px;padding-top:20px;padding-left:;padding-right:;\"><style type=\"text\/css\" scoped=\"scoped\">.fusion-fullwidth-2 {\n                            padding-left: px !important;\n                            padding-right: px !important;\n                        }<\/style><div class=\"fusion-row\"><h1 style=\"text-align: center;\"><span style=\"font-family: Lora;\">El men\u00fa<\/span><\/h1>\n<p style=\"text-align: center;\">\n<div class=\"fusion-sep-clear\"><\/div><div class=\"fusion-separator fusion-full-width-sep sep-none\" style=\"border-color:#e0dede;margin-left: auto;margin-right: auto;margin-top:10px;margin-bottom:10px;\"><\/div><p>A Enoteca a Barcelona, guardonat amb dues estrelles Michelin, el xef Paco P\u00e9rez us proposa una carta seductora i gustosa fidel a la tradici\u00f3 de la cuina de la ciutat i als sabors mediterranis. Una gastronomia basada en la frescor del mar i en l\u2019ess\u00e8ncia dels productes de temporada que ens ofereixen l\u2019hort i la muntanya. L\u2019experi\u00e8ncia es pot completar amb les m\u00e9s de set-centes refer\u00e8ncies que conformen el nostre celler.<\/p>\n<div class=\"fusion-sep-clear\"><\/div><div class=\"fusion-separator fusion-full-width-sep sep-none\" style=\"border-color:#e0dede;margin-left: auto;margin-right: auto;margin-top:20px;margin-bottom:20px;\"><\/div><div class=\"fusion-one-fifth fusion-layout-column fusion-spacing-yes\" style=\"margin-top:0px;margin-bottom:20px;\"><div class=\"fusion-column-wrapper fusion-animated\" style=\"border:1px solid #867b77;padding:30px;\" data-animationType=\"slideInRight\" data-animationDuration=\"0.8\" data-animationOffset=\"100%\"><p style=\"text-align: center;\">Consulteu la disponibilitat i feu la vostra reserva en l\u00ednia<\/p>\n<div class=\"fusion-button-wrapper fusion-aligncenter\"><style type=\"text\/css\" scoped=\"scoped\">.fusion-button.button-1 .fusion-button-text, .fusion-button.button-1 i {color:#ffffff;}.fusion-button.button-1 {border-width:1px;border-color:#ffffff;}.fusion-button.button-1 .fusion-button-icon-divider{border-color:#ffffff;}.fusion-button.button-1:hover .fusion-button-text, .fusion-button.button-1:hover i,.fusion-button.button-1:focus .fusion-button-text, .fusion-button.button-1:focus i,.fusion-button.button-1:active .fusion-button-text, .fusion-button.button-1:active{color:#69615f;}.fusion-button.button-1:hover, .fusion-button.button-1:focus, .fusion-button.button-1:active{border-width:1px;border-color:#69615f;}.fusion-button.button-1:hover .fusion-button-icon-divider, .fusion-button.button-1:hover .fusion-button-icon-divider, .fusion-button.button-1:active .fusion-button-icon-divider{border-color:#69615f;}.fusion-button.button-1{background: #69615f;}.fusion-button.button-1:hover,.button-1:focus,.fusion-button.button-1:active{background: #ffffff;}.fusion-button.button-1{width:auto;}<\/style><a class=\"fusion-button button-flat button-round button-large button-custom button-1\" target=\"_self\" href=\"http:\/\/www.sevenrooms.com\/reservations\/enotecapacoperez\"><span class=\"fusion-button-text\">Reservar<\/span><\/a><\/div><div class=\"fusion-clearfix\"><\/div><\/div><\/div><div class=\"fusion-three-fifth fusion-layout-column fusion-column-last fusion-spacing-yes\" style=\"margin-top:0px;margin-bottom:20px;\"><div class=\"fusion-column-wrapper\" style=\"border:1px solid #e5e5e5;padding:30px;\"><div class=\"fusion-sep-clear\"><\/div><div class=\"fusion-separator fusion-full-width-sep sep-single\" style=\"border-color:#867b77;border-top-width:1px;margin-left: auto;margin-right: auto;margin-top:;\"><\/div><div class=\"fusion-title title fusion-sep-none fusion-title-size-two\" style=\"margin-top:10px;margin-bottom:10px;\"><h2 class=\"title-heading-left\"><\/h2><\/div><h2 style=\"text-align: center;\"><strong>MEN\u00da DEGUSTACI\u00d3<\/strong><\/h2>\n<p style=\"text-align: center;\">~ Disponible de <em>dimarts<\/em> a dissabte per a sopars ~<br \/>\n230\u20ac per persona<\/p>\n<p style=\"text-align: center;\">Carxofa i t\u00f2fona<br \/>\nPesto gelat de codium<br \/>\nCal\u00e7ots i caviar<br \/>\n&#8216;Empanadilla&#8217; de mar<br \/>\nFlam d&#8217;anxova<br \/>\n\u00b7<br \/>\nT\u00e0rtar de tonyina, milfulls, caviar i nori<br \/>\n\u00b7<br \/>\nP\u00e8sols ll\u00e0grima, la seva salsa sedosa, navalla<br \/>\n\u00b7<br \/>\nChop suey d&#8217;escamarlans amb amanida t\u00e8bia de faves<br \/>\n\u00b7<br \/>\nVieira sobre guisat de &#8216;huitlacoche&#8217;<br \/>\n\u00b7<br \/>\nEspardenya nua, miso de yuzu, peu de vedella i caputxina<br \/>\n\u00b7<br \/>\nLlobarro en un setinat d&#8217;horta i mar<br \/>\n\u00b7<br \/>\nColom\u00ed Mont Royal, flor Andy Warhol, el seu parfait, volandeira vegetal<br \/>\n\u00b7<br \/>\nEsponja gelada de yuzu i wasabi<br \/>\n\u00b7<br \/>\nTorr\u00f3 de coco, gerds i xocolata<br \/>\n\u00b7<br \/>\nTorrija<br \/>\n\u00b7<br \/>\nPetites coses<\/p>\n<p style=\"text-align: center;\">Maridatge de vins disponible a partir de 135\u20ac per persona<br \/>\n<em><br \/>\n~<br \/>\nEl nostre men\u00fa pot variar segons la disponibilitat dels productes<br \/>\n<\/em><\/p>\n<div class=\"fusion-sep-clear\"><\/div><div class=\"fusion-separator fusion-full-width-sep sep-single\" style=\"border-color:#867b77;border-top-width:1px;margin-left: auto;margin-right: auto;margin-top:;margin-bottom:10px;\"><\/div><h2 style=\"text-align: center;\"><strong>MEN\u00da &#8216;L&#8217;ARR\u00d2S DE PACO&#8217;<\/strong><\/h2>\n<p style=\"text-align: center;\">~ Disponible a partir del 24 de gener, tots els dissabtes per dinar\u00a0~<br \/>\n150\u20ac per persona<\/p>\n<p style=\"text-align: center;\">Pesto gelat de codium<br \/>\n&#8216;Empanadilla&#8217; de mar<br \/>\nFlam d&#8217;anxova<br \/>\n\u00b7<br \/>\nT\u00e0rtar de tonyina, milfulls, caviar i nori<br \/>\n\u00b7<br \/>\nVieira sobre guisat de &#8216;huitlacoche&#8217;<br \/>\n\u00b7<br \/>\nArr\u00f2s de bolets de temporada, polp i eri\u00e7\u00f3<br \/>\n\u00b7<br \/>\nEsponja gelada de yuzu i wasabi<br \/>\n\u00b7<br \/>\nTorrija<br \/>\n\u00b7<br \/>\nPetites coses<\/p>\n<p style=\"text-align: center;\">Selecci\u00f3 del sommelier disponible a partir de 80\u20ac per persona<\/p>\n<div class=\"fusion-sep-clear\"><\/div><div class=\"fusion-separator fusion-full-width-sep sep-single\" style=\"border-color:#867b77;border-top-width:1px;margin-left: auto;margin-right: auto;margin-top:;margin-bottom:10px;\"><\/div><h2 style=\"text-align: center;\"><strong>MEN\u00da A LA CARTA<\/strong><\/h2>\n<p style=\"text-align: center;\"><em>~ Disponible de dimarts a dissabte ~<\/em><\/p>\n<p style=\"text-align: center;\">Endinseu-vos en l\u2019ess\u00e8ncia de la Mar d\u2019Amunt a trav\u00e9s de la nostra acurada selecci\u00f3 a la carta.<br data-start=\"154\" data-end=\"157\" \/>Descobriu el men\u00fa aqu\u00ed.<\/p>\n<p><div class=\"fusion-sep-clear\"><\/div><div class=\"fusion-separator fusion-full-width-sep sep-single\" style=\"border-color:#867b77;border-top-width:1px;margin-left: auto;margin-right: auto;margin-top:;margin-bottom:10px;\"><\/div><\/p>\n<p style=\"text-align: center;\">Reserveu el paquet <em>Experi\u00e8ncia Estrella Michel\u00edn<\/em> i gaudiu, a m\u00e9s, d&#8217;una estada a l&#8217;Hotel Arts Barcelona amb esmorzar per a dues persones<\/p>\n<p style=\"text-align: center;\">M\u00e9s informaci\u00f3 i reserves <a href=\"https:\/\/enotecapacoperez.com\/wp-content\/uploads\/2026\/03\/Menu-a-la-carta-2026_Enoteca-Paco-Perez.pdf\">aqu\u00ed<\/a>.<\/p>\n<p style=\"text-align: center;\"><em>Men\u00fa disponible \u00fanicament per persones majors de 7 anys<\/em><\/p>\n<p><div class=\"fusion-sep-clear\"><\/div><div class=\"fusion-separator fusion-full-width-sep sep-single\" style=\"border-color:#867b77;border-top-width:1px;margin-left: auto;margin-right: auto;margin-top:;margin-bottom:10px;\"><\/div><\/p>\n<h2 style=\"text-align: center;\"><strong>REGALA ENOTECA PACO P\u00c9REZ<\/strong><\/h2>\n<p style=\"text-align: center;\">Regala una experi\u00e8ncia gastron\u00f2mica \u00fanica a Enoteca Paco P\u00e9rez.<\/p>\n<p style=\"text-align: center;\">M\u00e9s informaci\u00f3 <a href=\"https:\/\/hotelartsbarcelona.skchase.com\/vouchers\">aqu\u00ed<\/a>.<\/p>\n<p><div class=\"fusion-sep-clear\"><\/div><div class=\"fusion-separator fusion-full-width-sep sep-single\" style=\"border-color:#867b77;border-top-width:1px;margin-left: auto;margin-right: auto;margin-top:;margin-bottom:10px;\"><\/div><\/p>\n<div class=\"fusion-clearfix\"><\/div><\/div><\/div><div class=\"fusion-clearfix\"><\/div><\/div><\/div><div class=\"fusion-one-full fusion-layout-column fusion-column-last fusion-spacing-yes\" style=\"margin-top:0px;margin-bottom:20px;\"><div class=\"fusion-column-wrapper\"><div class=\"fusion-clearfix\"><\/div><\/div><\/div><div class=\"fusion-clearfix\"><\/div><style>#main{padding-top:0;padding-bottom:0;}<\/style>\n\n<div class=\"fusion-fullwidth fullwidth-box fusion-fullwidth-3  fusion-parallax-none nonhundred-percent-fullwidth\" style=\"border-color:#eae9e9;border-bottom-width: 0px;border-top-width: 0px;border-bottom-style: solid;border-top-style: solid;padding-bottom:30px;padding-top:30px;padding-left:;padding-right:;background-color:#ebeae8;\"><style type=\"text\/css\" scoped=\"scoped\">.fusion-fullwidth-3 {\n                            padding-left: px !important;\n                            padding-right: px !important;\n                        }<\/style><div class=\"fusion-row\"><div class=\"fusion-one-half fusion-layout-column fusion-spacing-yes mobile-text-center\" style=\"margin-top:0px;margin-bottom:20px;\"><div class=\"fusion-column-wrapper\"><div class=\"fusion-button-wrapper fusion-alignright\"><style type=\"text\/css\" scoped=\"scoped\">.fusion-button.button-2 .fusion-button-text, .fusion-button.button-2 i {color:rgba(105,97,95,1);}.fusion-button.button-2 {border-width:1px;border-color:rgba(105,97,95,1);}.fusion-button.button-2 .fusion-button-icon-divider{border-color:rgba(105,97,95,1);}.fusion-button.button-2:hover .fusion-button-text, .fusion-button.button-2:hover i,.fusion-button.button-2:focus .fusion-button-text, .fusion-button.button-2:focus i,.fusion-button.button-2:active .fusion-button-text, .fusion-button.button-2:active{color:#ffffff;}.fusion-button.button-2:hover, .fusion-button.button-2:focus, .fusion-button.button-2:active{border-width:1px;border-color:#ffffff;}.fusion-button.button-2:hover .fusion-button-icon-divider, .fusion-button.button-2:hover .fusion-button-icon-divider, .fusion-button.button-2:active .fusion-button-icon-divider{border-color:#ffffff;}.fusion-button.button-2{background: rgba(105,97,95,0);}.fusion-button.button-2:hover,.button-2:focus,.fusion-button.button-2:active{background: rgba(105,97,95,1);}.fusion-button.button-2{width:auto;}<\/style><a class=\"fusion-button button-flat button-round button-large button-default button-2\" target=\"_self\" href=\"https:\/\/www.sevenrooms.com\/reservations\/enotecapacoperez\"><span class=\"fusion-button-text\">Reserveu la vostra taula<\/span><\/a><\/div><div class=\"fusion-clearfix\"><\/div><\/div><\/div><div class=\"fusion-one-half fusion-layout-column fusion-column-last fusion-spacing-yes mobile-text-center\" style=\"margin-top:0px;margin-bottom:20px;\"><div class=\"fusion-column-wrapper\"><div class=\"fusion-button-wrapper fusion-alignleft\"><style type=\"text\/css\" scoped=\"scoped\">.fusion-button.button-3 .fusion-button-text, .fusion-button.button-3 i {color:rgba(105,97,95,1);}.fusion-button.button-3 {border-width:1px;border-color:rgba(105,97,95,1);}.fusion-button.button-3 .fusion-button-icon-divider{border-color:rgba(105,97,95,1);}.fusion-button.button-3:hover .fusion-button-text, .fusion-button.button-3:hover i,.fusion-button.button-3:focus .fusion-button-text, .fusion-button.button-3:focus i,.fusion-button.button-3:active .fusion-button-text, .fusion-button.button-3:active{color:#ffffff;}.fusion-button.button-3:hover, .fusion-button.button-3:focus, .fusion-button.button-3:active{border-width:1px;border-color:#ffffff;}.fusion-button.button-3:hover .fusion-button-icon-divider, .fusion-button.button-3:hover .fusion-button-icon-divider, .fusion-button.button-3:active .fusion-button-icon-divider{border-color:#ffffff;}.fusion-button.button-3{background: rgba(105,97,95,0);}.fusion-button.button-3:hover,.button-3:focus,.fusion-button.button-3:active{background: rgba(105,97,95,1);}.fusion-button.button-3{width:auto;}<\/style><a class=\"fusion-button button-flat button-round button-large button-default button-3\" target=\"_self\" href=\"https:\/\/hotelartsbarcelona.skchase.com\/vouchers\"><span class=\"fusion-button-text\">El regal de l\u2019Enoteca<\/span><\/a><\/div><div class=\"fusion-clearfix\"><\/div><\/div><\/div><div class=\"fusion-clearfix\"><\/div><\/div><\/div>\n","protected":false},"excerpt":{"rendered":"","protected":false},"author":13,"featured_media":0,"parent":0,"menu_order":0,"comment_status":"closed","ping_status":"closed","template":"100-width.php","meta":{"_acf_changed":false,"footnotes":""},"class_list":["post-4138","page","type-page","status-publish","hentry"],"acf":[],"_links":{"self":[{"href":"https:\/\/enotecapacoperez.com\/ca\/wp-json\/wp\/v2\/pages\/4138","targetHints":{"allow":["GET"]}}],"collection":[{"href":"https:\/\/enotecapacoperez.com\/ca\/wp-json\/wp\/v2\/pages"}],"about":[{"href":"https:\/\/enotecapacoperez.com\/ca\/wp-json\/wp\/v2\/types\/page"}],"author":[{"embeddable":true,"href":"https:\/\/enotecapacoperez.com\/ca\/wp-json\/wp\/v2\/users\/13"}],"replies":[{"embeddable":true,"href":"https:\/\/enotecapacoperez.com\/ca\/wp-json\/wp\/v2\/comments?post=4138"}],"version-history":[{"count":38,"href":"https:\/\/enotecapacoperez.com\/ca\/wp-json\/wp\/v2\/pages\/4138\/revisions"}],"predecessor-version":[{"id":4529,"href":"https:\/\/enotecapacoperez.com\/ca\/wp-json\/wp\/v2\/pages\/4138\/revisions\/4529"}],"wp:attachment":[{"href":"https:\/\/enotecapacoperez.com\/ca\/wp-json\/wp\/v2\/media?parent=4138"}],"curies":[{"name":"wp","href":"https:\/\/api.w.org\/{rel}","templated":true}]}}