{"id":2331,"date":"2021-05-05T14:31:20","date_gmt":"2021-05-05T14:31:20","guid":{"rendered":"https:\/\/enotecapacoperez.com\/en\/origen\/"},"modified":"2026-02-09T12:38:24","modified_gmt":"2026-02-09T12:38:24","slug":"origen","status":"publish","type":"page","link":"https:\/\/enotecapacoperez.com\/en\/origen\/","title":{"rendered":"Origin"},"content":{"rendered":"<div class=\"fusion-fullwidth fullwidth-box fusion-fullwidth-1  fusion-parallax-none nonhundred-percent-fullwidth\" style=\"border-color:#eae9e9;border-bottom-width: 0px;border-top-width: 0px;border-bottom-style: solid;border-top-style: solid;padding-bottom:350px;padding-top:350px;padding-left:;padding-right:;background-position:center top;background-repeat:no-repeat;-webkit-background-size:cover;-moz-background-size:cover;-o-background-size:cover;background-size:cover;-ms-filter: &quot;progid:DXImageTransform.Microsoft.AlphaImageLoader(src=&#039;https:\/\/enotecapacoperez.com\/wp-content\/uploads\/2021\/06\/Enoteca_Origen1.jpg&#039;, sizingMethod=&#039;scale&#039;)&quot;;background-image: url(https:\/\/enotecapacoperez.com\/wp-content\/uploads\/2021\/06\/Enoteca_Origen1.jpg);\"><style type=\"text\/css\" scoped=\"scoped\">.fusion-fullwidth-1 {\n                            padding-left: px !important;\n                            padding-right: px !important;\n                        }<\/style><div class=\"fusion-row\"><\/div><\/div><div class=\"fusion-fullwidth fullwidth-box fusion-fullwidth-2  fusion-parallax-none hundred-percent-fullwidth fusion-equal-height-columns\" style=\"border-color:#eae9e9;border-bottom-width: 0px;border-top-width: 0px;border-bottom-style: solid;border-top-style: solid;padding-bottom:20px;padding-top:20px;padding-left:0px;padding-right:0px;\"><style type=\"text\/css\" scoped=\"scoped\">.fusion-fullwidth-2 {\n                            padding-left: 0px !important;\n                            padding-right: 0px !important;\n                        }<\/style><div class=\"fusion-row\"><h1 style=\"text-align: center;\"><span style=\"font-family: Lora;\">Origin<\/span><\/h1>\n<h1 style=\"text-align: center;\"><span style=\"font-family: Lora; font-size: 28px;\"><em>Enoteca is a place where the geography of Empord\u00e0 meets the senses in the city of Barcelona<\/em><\/span><\/h1>\n<div class=\"fusion-sep-clear\"><\/div><div class=\"fusion-separator fusion-full-width-sep sep-none\" style=\"border-color:#e0dede;margin-left: auto;margin-right: auto;margin-top:10px;margin-bottom:10px;\"><\/div><div class=\"fusion-one-half fusion-layout-column fusion-spacing-no\" style=\"margin-top:0px;margin-bottom:20px;\"><div class=\"fusion-column-wrapper fusion-animated\" style=\"background:url(https:\/\/enotecapacoperez.com\/wp-content\/uploads\/2021\/06\/Enoteca_Origen5.jpg) center center no-repeat ;-webkit-background-size:cover;-moz-background-size:cover;-o-background-size:cover;background-size:cover;padding:100px;\" data-bg-url=\"https:\/\/enotecapacoperez.com\/wp-content\/uploads\/2021\/06\/Enoteca_Origen5.jpg\" data-animationType=\"fadeIn\" data-animationDuration=\"0.9\" data-animationOffset=\"100%\"><div class=\"fusion-column-table\"><div class=\"fusion-column-tablecell\"><div class=\"fusion-clearfix\"><\/div><\/div><\/div><\/div><\/div><div class=\"fusion-one-third fusion-layout-column fusion-spacing-no\" style=\"margin-top:0px;margin-bottom:20px;\"><div class=\"fusion-column-wrapper fusion-animated\" style=\"padding:20px 20px 20px 50px;\" data-animationType=\"slideInRight\" data-animationDuration=\"1\" data-animationOffset=\"100%\"><div class=\"fusion-column-table\"><div class=\"fusion-column-tablecell\"><p style=\"text-align: left;\"><span style=\"font-size: 26px; margin: 0px; padding: 0px; font-family: Lora; color: #867b77;\">The essence of the Mar d&#8217;Amunt<\/span><\/p>\n<p>Conceived to celebrate the purity of the flavors of the coast where he gets his inspiration and evolves in search of excellence, Paco P\u00e9rez&#8217;s cuisine is a personal landscape where sea, garden and mountains converge. Without leaving the Barcelona panorama, we discover the subtle mixture of the calm and fury of the elements that define this legendary destination.<\/p>\n<p>From the whitewashed town of Dal\u00ed, Cadaqu\u00e9s, to the Llan\u00e7\u00e0 of Paco P\u00e9rez himself, we travel through the place where the <em>tramontana<\/em> (north) winds begin: el Cap de Creus. It is the landscape that chef Paco P\u00e9rez sees every day from his restaurant in Llan\u00e7\u00e0, that steep ledge sculpted by the wind and waves. The same places where he ran around barefoot as a child, jumping and splashing from rock to rock, using his own hands to explore the exceptional products that the sea offered him: Mediterranean mussels, oysters, urchins, limpets with a few drops of lemon juice. That is where his curiosity developed, his respect for flavors, his love for a unique corner of the world.<\/p>\n<div class=\"fusion-clearfix\"><\/div><\/div><\/div><\/div><\/div><div class=\"fusion-one-sixth fusion-layout-column fusion-column-last fusion-spacing-yes\" style=\"margin-top:0px;margin-bottom:20px;\"><div class=\"fusion-column-wrapper\"><div class=\"fusion-clearfix\"><\/div><\/div><\/div><div class=\"fusion-clearfix\"><\/div><\/div><\/div><div class=\"fusion-fullwidth fullwidth-box fusion-fullwidth-3  fusion-parallax-none nonhundred-percent-fullwidth fusion-equal-height-columns\" style=\"border-color:#eae9e9;border-bottom-width: 0px;border-top-width: 0px;border-bottom-style: solid;border-top-style: solid;padding-bottom:35px;padding-top:20px;padding-left:;padding-right:;\"><style type=\"text\/css\" scoped=\"scoped\">.fusion-fullwidth-3 {\n                            padding-left: px !important;\n                            padding-right: px !important;\n                        }<\/style><div class=\"fusion-row\"><div class=\"fusion-two-fifth fusion-layout-column fusion-spacing-yes\" style=\"margin-top:0px;margin-bottom:20px;\"><div class=\"fusion-column-wrapper fusion-animated\" style=\"padding:20px;\" data-animationType=\"slideInLeft\" data-animationDuration=\"1\" data-animationOffset=\"100%\"><p>From that history, Enoteca was born 17 years ago. It can be defined as a jewel of the Costa Brava, with the intention of immersing this exceptional enclave of Barcelona in the essence of Empord\u00e0 geography, by connecting nature with the senses, all together becoming an experience to enjoy, share and to savor genuine luxury.<\/p>\n<div class=\"fusion-clearfix\"><\/div><\/div><\/div><div class=\"fusion-three-fifth fusion-layout-column fusion-column-last fusion-spacing-yes\" style=\"margin-top:0px;margin-bottom:20px;\"><div class=\"fusion-column-wrapper fusion-animated\" style=\"background:url(https:\/\/enotecapacoperez.com\/wp-content\/uploads\/2021\/06\/Enoteca_Origen4.jpg) center center no-repeat ;-webkit-background-size:cover;-moz-background-size:cover;-o-background-size:cover;background-size:cover;padding:100px;\" data-bg-url=\"https:\/\/enotecapacoperez.com\/wp-content\/uploads\/2021\/06\/Enoteca_Origen4.jpg\" data-animationType=\"fadeIn\" data-animationDuration=\"0.9\" data-animationOffset=\"100%\"><div class=\"fusion-clearfix\"><\/div><\/div><\/div><div class=\"fusion-clearfix\"><\/div><\/div><\/div><div class=\"fusion-fullwidth fullwidth-box fusion-fullwidth-4  fusion-parallax-none nonhundred-percent-fullwidth fusion-equal-height-columns\" style=\"border-color:#eae9e9;border-bottom-width: 0px;border-top-width: 0px;border-bottom-style: solid;border-top-style: solid;padding-bottom:35px;padding-top:20px;padding-left:;padding-right:;\"><style type=\"text\/css\" scoped=\"scoped\">.fusion-fullwidth-4 {\n                            padding-left: px !important;\n                            padding-right: px !important;\n                        }<\/style><div class=\"fusion-row\"><div class=\"fusion-three-fifth fusion-layout-column fusion-spacing-no\" style=\"margin-top:0px;margin-bottom:20px;\"><div class=\"fusion-column-wrapper fusion-animated\" style=\"background:url(https:\/\/enotecapacoperez.com\/wp-content\/uploads\/2021\/06\/Enoteca_Origen3.jpg) center center no-repeat ;-webkit-background-size:cover;-moz-background-size:cover;-o-background-size:cover;background-size:cover;padding:100px;\" data-bg-url=\"https:\/\/enotecapacoperez.com\/wp-content\/uploads\/2021\/06\/Enoteca_Origen3.jpg\" data-animationType=\"slideInLeft\" data-animationDuration=\"1\" data-animationOffset=\"100%\"><div class=\"fusion-column-table\"><div class=\"fusion-column-tablecell\"><div class=\"fusion-clearfix\"><\/div><\/div><\/div><\/div><\/div><div class=\"fusion-two-fifth fusion-layout-column fusion-column-last fusion-spacing-yes\" style=\"margin-top:0px;margin-bottom:20px;\"><div class=\"fusion-column-wrapper fusion-animated\" style=\"padding:20px;\" data-animationType=\"fadeIn\" data-animationDuration=\"0.9\" data-animationOffset=\"100%\"><p style=\"text-align: left;\"><span style=\"font-size: 26px; margin: 0px; padding: 0px; font-family: Lora; color: #867b77;\">Seasonality based on product availability<br \/>\n<\/span><\/p>\n<p>The Mediterranean is change, transformation. Nature needs to sleep to then offer us its generous awakening. These noticeable differences between seasons define the Enoteca menu, which is updated to the rhythm of the colors, aromas and flavors of the Mar d&#8217;Amunt as one more element of its landscape. Seasonal products as exceptional as they are fleeting, collected at their peak moment, and utilized with the passion that is reserved for the ethereal wonders that the world gives to us.<\/p>\n<p><span style=\"font-size: inherit;\"><\/p>\n<div class=\"fusion-clearfix\"><\/div><\/div><\/div><div class=\"fusion-clearfix\"><\/div><\/div><\/div><div class=\"fusion-fullwidth fullwidth-box fusion-fullwidth-5  fusion-parallax-none nonhundred-percent-fullwidth\" style=\"border-color:#eae9e9;border-bottom-width: 0px;border-top-width: 0px;border-bottom-style: solid;border-top-style: solid;padding-bottom:30px;padding-top:30px;padding-left:;padding-right:;background-color:#ebeae8;\"><style type=\"text\/css\" scoped=\"scoped\">.fusion-fullwidth-5 {\n                            padding-left: px !important;\n                            padding-right: px !important;\n                        }<\/style><div class=\"fusion-row\"><div class=\"fusion-one-half fusion-layout-column fusion-spacing-yes mobile-text-center\" style=\"margin-top:0px;margin-bottom:20px;\"><div class=\"fusion-column-wrapper\"><div class=\"fusion-button-wrapper fusion-alignright\"><style type=\"text\/css\" scoped=\"scoped\">.fusion-button.button-1 .fusion-button-text, .fusion-button.button-1 i {color:rgba(105,97,95,1);}.fusion-button.button-1 {border-width:1px;border-color:rgba(105,97,95,1);}.fusion-button.button-1 .fusion-button-icon-divider{border-color:rgba(105,97,95,1);}.fusion-button.button-1:hover .fusion-button-text, .fusion-button.button-1:hover i,.fusion-button.button-1:focus .fusion-button-text, .fusion-button.button-1:focus i,.fusion-button.button-1:active .fusion-button-text, .fusion-button.button-1:active{color:#ffffff;}.fusion-button.button-1:hover, .fusion-button.button-1:focus, .fusion-button.button-1:active{border-width:1px;border-color:#ffffff;}.fusion-button.button-1:hover .fusion-button-icon-divider, .fusion-button.button-1:hover .fusion-button-icon-divider, .fusion-button.button-1:active .fusion-button-icon-divider{border-color:#ffffff;}.fusion-button.button-1{background: rgba(105,97,95,0);}.fusion-button.button-1:hover,.button-1:focus,.fusion-button.button-1:active{background: rgba(105,97,95,1);}.fusion-button.button-1{width:auto;}<\/style><a class=\"fusion-button button-flat button-round button-large button-default button-1\" target=\"_self\" href=\"https:\/\/www.sevenrooms.com\/reservations\/enotecapacoperez\"><span class=\"fusion-button-text\">book online<\/span><\/a><\/div><div class=\"fusion-clearfix\"><\/div><\/div><\/div><div class=\"fusion-one-half fusion-layout-column fusion-column-last fusion-spacing-yes mobile-text-center\" style=\"margin-top:0px;margin-bottom:20px;\"><div class=\"fusion-column-wrapper\"><div class=\"fusion-button-wrapper fusion-alignleft\"><style type=\"text\/css\" scoped=\"scoped\">.fusion-button.button-2 .fusion-button-text, .fusion-button.button-2 i {color:rgba(105,97,95,1);}.fusion-button.button-2 {border-width:1px;border-color:rgba(105,97,95,1);}.fusion-button.button-2 .fusion-button-icon-divider{border-color:rgba(105,97,95,1);}.fusion-button.button-2:hover .fusion-button-text, .fusion-button.button-2:hover i,.fusion-button.button-2:focus .fusion-button-text, .fusion-button.button-2:focus i,.fusion-button.button-2:active .fusion-button-text, .fusion-button.button-2:active{color:#ffffff;}.fusion-button.button-2:hover, .fusion-button.button-2:focus, .fusion-button.button-2:active{border-width:1px;border-color:#ffffff;}.fusion-button.button-2:hover .fusion-button-icon-divider, .fusion-button.button-2:hover .fusion-button-icon-divider, .fusion-button.button-2:active .fusion-button-icon-divider{border-color:#ffffff;}.fusion-button.button-2{background: rgba(105,97,95,0);}.fusion-button.button-2:hover,.button-2:focus,.fusion-button.button-2:active{background: rgba(105,97,95,1);}.fusion-button.button-2{width:auto;}<\/style><a class=\"fusion-button button-flat button-round button-large button-default button-2\" target=\"_self\" href=\"https:\/\/hotelartsbarcelona.skchase.com\/vouchers\"><span class=\"fusion-button-text\">The Enoteca Gift<\/span><\/a><\/div><div class=\"fusion-clearfix\"><\/div><\/div><\/div><div class=\"fusion-clearfix\"><\/div><\/div><\/div><p><\/span><\/p>\n\n","protected":false},"excerpt":{"rendered":"","protected":false},"author":10,"featured_media":0,"parent":0,"menu_order":0,"comment_status":"closed","ping_status":"closed","template":"100-width.php","meta":{"_acf_changed":false,"footnotes":""},"class_list":["post-2331","page","type-page","status-publish","hentry"],"acf":[],"_links":{"self":[{"href":"https:\/\/enotecapacoperez.com\/en\/wp-json\/wp\/v2\/pages\/2331","targetHints":{"allow":["GET"]}}],"collection":[{"href":"https:\/\/enotecapacoperez.com\/en\/wp-json\/wp\/v2\/pages"}],"about":[{"href":"https:\/\/enotecapacoperez.com\/en\/wp-json\/wp\/v2\/types\/page"}],"author":[{"embeddable":true,"href":"https:\/\/enotecapacoperez.com\/en\/wp-json\/wp\/v2\/users\/10"}],"replies":[{"embeddable":true,"href":"https:\/\/enotecapacoperez.com\/en\/wp-json\/wp\/v2\/comments?post=2331"}],"version-history":[{"count":7,"href":"https:\/\/enotecapacoperez.com\/en\/wp-json\/wp\/v2\/pages\/2331\/revisions"}],"predecessor-version":[{"id":4470,"href":"https:\/\/enotecapacoperez.com\/en\/wp-json\/wp\/v2\/pages\/2331\/revisions\/4470"}],"wp:attachment":[{"href":"https:\/\/enotecapacoperez.com\/en\/wp-json\/wp\/v2\/media?parent=2331"}],"curies":[{"name":"wp","href":"https:\/\/api.w.org\/{rel}","templated":true}]}}