{"id":726,"date":"2016-04-12T06:56:06","date_gmt":"2016-04-12T06:56:06","guid":{"rendered":"http:\/\/enotecapacoperez.com\/inicio-2\/?lang=en"},"modified":"2026-01-18T12:06:46","modified_gmt":"2026-01-18T12:06:46","slug":"home-2","status":"publish","type":"page","link":"https:\/\/enotecapacoperez.com\/en\/","title":{"rendered":"Home"},"content":{"rendered":"<div class=\"fusion-fullwidth fullwidth-box fusion-fullwidth-1  fusion-parallax-fixed nonhundred-percent-fullwidth\" style=\"border-color:#eae9e9;border-bottom-width: 0px;border-top-width: 0px;border-bottom-style: solid;border-top-style: solid;padding-bottom:60px;padding-top:80px;padding-left:;padding-right:;\"><style type=\"text\/css\" scoped=\"scoped\">.fusion-fullwidth-1 {\n                            padding-left: px !important;\n                            padding-right: px !important;\n                        }<\/style><div class=\"fusion-row\"><div class=\"fusion-one-third fusion-layout-column fusion-spacing-yes\" style=\"margin-top:0px;margin-bottom:20px;\"><div class=\"fusion-column-wrapper fusion-animated\" data-animationType=\"slideInLeft\" data-animationDuration=\"1\" data-animationOffset=\"100%\"><h1 style=\"text-align: center; margin: 0px; padding: 0px;\"><span style=\"font-size: 46px; margin: 0px; padding: 0px; font-family: Lora;\">The essence of the Mar d&#8217;Amunt<br \/>\non the shores of Barcelona<br \/>\n<\/span><\/h1>\n<div class=\"fusion-sep-clear\"><\/div><div class=\"fusion-separator sep-single\" style=\"border-color:#867b77;border-top-width:2px;margin-left: auto;margin-right: auto;margin-top:15PX;margin-bottom:30px;width:100%;max-width:80px;\"><\/div><div class=\"fusion-clearfix\"><\/div><\/div><\/div><div class=\"fusion-two-third fusion-layout-column fusion-column-last fusion-spacing-yes\" style=\"margin-top:0px;margin-bottom:20px;\"><div class=\"fusion-column-wrapper fusion-animated\" data-animationType=\"slideInRight\" data-animationDuration=\"1\" data-animationOffset=\"100%\"><p>Discover the heart and soul of contemporary Mediterranean cuisine at Enoteca Paco P\u00e9rez, a Barcelona restaurant awarded with two Michelin stars.<\/p>\n<p>The journey to the essence of the Mar d&#8217;Amunt begins at Enoteca, Paco P\u00e9rez&#8217;s refuge in Barcelona where he pays tribute to the origin and the ingredients that local producers provide during each of the yearly seasons. At Enoteca, Chef Paco P\u00e9rez offers an imaginative cuisine based on the freshness of the sea and the essence of farm and mountain produce. An interpretation of current cuisine with traditional and innovative touches.<\/p>\n<p>Inspired by the food and fresh products of the Mediterranean, Paco P\u00e9rez\u2019s innovative cuisine encapsulates the essence of local ingredients. His cooking philosophy is based on quality raw ingredients, simplicity and elegance, as well as the creativity in each dish. Balance, creative vision and impeccable service offer a contemporary interpretation, with both traditional and innovative touches of Mediterranean cuisine.<\/p>\n<div class=\"fusion-button-wrapper fusion-alignleft\"><style type=\"text\/css\" scoped=\"scoped\">.fusion-button.button-1 .fusion-button-text, .fusion-button.button-1 i {color:rgba(105,97,95,1);}.fusion-button.button-1 {border-width:1px;border-color:rgba(105,97,95,1);}.fusion-button.button-1 .fusion-button-icon-divider{border-color:rgba(105,97,95,1);}.fusion-button.button-1:hover .fusion-button-text, .fusion-button.button-1:hover i,.fusion-button.button-1:focus .fusion-button-text, .fusion-button.button-1:focus i,.fusion-button.button-1:active .fusion-button-text, .fusion-button.button-1:active{color:#ffffff;}.fusion-button.button-1:hover, .fusion-button.button-1:focus, .fusion-button.button-1:active{border-width:1px;border-color:#ffffff;}.fusion-button.button-1:hover .fusion-button-icon-divider, .fusion-button.button-1:hover .fusion-button-icon-divider, .fusion-button.button-1:active .fusion-button-icon-divider{border-color:#ffffff;}.fusion-button.button-1{background: rgba(105,97,95,0);}.fusion-button.button-1:hover,.button-1:focus,.fusion-button.button-1:active{background: rgba(105,97,95,1);}.fusion-button.button-1{width:auto;}<\/style><a class=\"fusion-button button-flat button-round button-small button-default button-1\" target=\"_self\" href=\"https:\/\/enotecapacoperez.com\/en\/origen\/\"><span class=\"fusion-button-text\">FIND OUT MORE <\/span><\/a><\/div>\n<div class=\"fusion-clearfix\"><\/div><\/div><\/div><div class=\"fusion-clearfix\"><\/div><\/div><\/div><div class=\"fusion-fullwidth fullwidth-box fusion-fullwidth-2  fusion-parallax-fixed nonhundred-percent-fullwidth\" style=\"border-color:#eae9e9;border-bottom-width: 0px;border-top-width: 0px;border-bottom-style: solid;border-top-style: solid;padding-bottom:0px;padding-top:60px;padding-left:;padding-right:;\"><style type=\"text\/css\" scoped=\"scoped\">.fusion-fullwidth-2 {\n                            padding-left: px !important;\n                            padding-right: px !important;\n                        }<\/style><div class=\"fusion-row\"><div class=\"fusion-three-fifth fusion-layout-column fusion-spacing-yes\" style=\"margin-top:50px;margin-bottom:0px;\"><div class=\"fusion-column-wrapper\"><h1 style=\"text-align: center; margin: 0px; padding: 0px;\"><span style=\"font-size: font-size: 46px; margin: 0px; padding: 0px; font-family: Lora;\">Paco P\u00e9rez<\/span><\/h1>\n<div class=\"fusion-sep-clear\"><\/div><div class=\"fusion-separator sep-single\" style=\"border-color:#867b77;border-top-width:2px;margin-left: auto;margin-right: auto;margin-top:15PX;margin-bottom:30px;width:100%;max-width:80px;\"><\/div><p style=\"text-align: center;\">From the sea air of Llan\u00e7\u00e0 in Girona to the coast of Barcelona. From Miramar to Enoteca Paco P\u00e9rez in Barcelona. His cuisine reflects the full essence of the Mediterranean.<\/p>\n<p style=\"text-align: center;\">Chef Paco P\u00e9rez offers us his experience in the best Catalan cuisine direct from the Costa Brava. He has the backing of five Michelin stars awarded to his restaurants \u2013two Michelin stars in his restaurant Miramar, Llan\u00e7a, one Michelin star in Arco, Gdansk and two Michelin stars in Enoteca, Barcelona.<\/p>\n<p style=\"font-size: 16px; text-align: center;\"><div class=\"fusion-button-wrapper fusion-aligncenter\"><style type=\"text\/css\" scoped=\"scoped\">.fusion-button.button-2 .fusion-button-text, .fusion-button.button-2 i {color:rgba(105,97,95,1);}.fusion-button.button-2 {border-width:1px;border-color:rgba(105,97,95,1);}.fusion-button.button-2 .fusion-button-icon-divider{border-color:rgba(105,97,95,1);}.fusion-button.button-2:hover .fusion-button-text, .fusion-button.button-2:hover i,.fusion-button.button-2:focus .fusion-button-text, .fusion-button.button-2:focus i,.fusion-button.button-2:active .fusion-button-text, .fusion-button.button-2:active{color:#ffffff;}.fusion-button.button-2:hover, .fusion-button.button-2:focus, .fusion-button.button-2:active{border-width:1px;border-color:#ffffff;}.fusion-button.button-2:hover .fusion-button-icon-divider, .fusion-button.button-2:hover .fusion-button-icon-divider, .fusion-button.button-2:active .fusion-button-icon-divider{border-color:#ffffff;}.fusion-button.button-2{background: rgba(105,97,95,0);}.fusion-button.button-2:hover,.button-2:focus,.fusion-button.button-2:active{background: rgba(105,97,95,1);}.fusion-button.button-2{width:auto;}<\/style><a class=\"fusion-button button-flat button-round button-small button-default button-2\" target=\"_self\" href=\"https:\/\/enotecapacoperez.com\/en\/paco-perez\/\"><span class=\"fusion-button-text\">FIND OUT MORE <\/span><\/a><\/div><\/p>\n<div class=\"fusion-clearfix\"><\/div><\/div><\/div><div class=\"fusion-two-fifth fusion-layout-column fusion-column-last fusion-spacing-yes\" style=\"margin-top:0px;margin-bottom:0px;\"><div class=\"fusion-column-wrapper fusion-animated\" data-animationType=\"fadeIn\" data-animationDuration=\"1\" data-animationOffset=\"100%\"><div class=\"imageframe-align-center\"><span class=\"fusion-imageframe imageframe-none imageframe-1 hover-type-none\"> <img decoding=\"async\" src=\"https:\/\/enotecapacoperez.com\/wp-content\/uploads\/2016\/09\/paco.png\" alt=\"Paco P\u00e9rez, a chef awarded 5 Michelin stars\" class=\"img-responsive\"\/><\/span><\/div><div class=\"fusion-clearfix\"><\/div><\/div><\/div><div class=\"fusion-clearfix\"><\/div><\/div><\/div><div class=\"fusion-fullwidth fullwidth-box fusion-fullwidth-3  fusion-parallax-fixed nonhundred-percent-fullwidth fusion-equal-height-columns\" style=\"border-color:#eae9e9;border-bottom-width: 0px;border-top-width: 0px;border-bottom-style: solid;border-top-style: solid;padding-bottom:150px;padding-top:150px;padding-left:;padding-right:;background-attachment:fixed;background-position:center center;background-repeat:no-repeat;-webkit-background-size:cover;-moz-background-size:cover;-o-background-size:cover;background-size:cover;-ms-filter: &quot;progid:DXImageTransform.Microsoft.AlphaImageLoader(src=&#039;https:\/\/enotecapacoperez.com\/wp-content\/uploads\/2016\/04\/bg_salon.jpg&#039;, sizingMethod=&#039;scale&#039;)&quot;;background-image: url(https:\/\/enotecapacoperez.com\/wp-content\/uploads\/2016\/04\/bg_salon.jpg);\"><style type=\"text\/css\" scoped=\"scoped\">.fusion-fullwidth-3 {\n                            padding-left: px !important;\n                            padding-right: px !important;\n                        }<\/style><div class=\"fusion-row\">\n<div class=\"fusion-one-sixth fusion-layout-column fusion-column-last fusion-spacing-yes\" style=\"margin-top:0px;margin-bottom:0px;\"><div class=\"fusion-column-wrapper\" style=\"padding:20px;\"><div class=\"fusion-clearfix\"><\/div><\/div><\/div><div class=\"fusion-clearfix\"><\/div><\/div><\/div><div class=\"fusion-fullwidth fullwidth-box fusion-fullwidth-4  fusion-parallax-none nonhundred-percent-fullwidth\" style=\"border-color:#eae9e9;border-bottom-width: 0px;border-top-width: 0px;border-bottom-style: solid;border-top-style: solid;padding-bottom:10px;padding-top:30px;padding-left:;padding-right:;background-color:#867b77;\"><style type=\"text\/css\" scoped=\"scoped\">.fusion-fullwidth-4 {\n                            padding-left: px !important;\n                            padding-right: px !important;\n                        }<\/style><div class=\"fusion-row\"><div class=\"fusion-one-fourth fusion-layout-column fusion-spacing-yes\" style=\"margin-top:0px;margin-bottom:20px;\"><div class=\"fusion-column-wrapper\"><p style=\"text-align: center;\"><span style=\"color: #ffffff; font-size: 22px;\">Follow us<\/span><\/p>\n<div class=\"aligncenter\"><div class=\"fusion-social-links\"><div class=\"fusion-social-networks\"><div class=\"fusion-social-networks-wrapper\"><a class=\"fusion-social-network-icon fusion-tooltip fusion-instagram fusion-icon-instagram\" target=\"_blank\" href=\"https:\/\/www.instagram.com\/enotecapacoperez\/\" style=\"color:#ffffff;\" data-placement=\"top\" data-title=\"Instagram\" data-toggle=\"tooltip\" title=\"Instagram\"><\/a><a class=\"custom fusion-social-network-icon fusion-tooltip fusion-trip advisor fusion-icon-trip advisor\" target=\"_blank\" href=\"https:\/\/www.tripadvisor.com\/Restaurant_Review-g187497-d1074478-Reviews-Enoteca_Restaurant-Barcelona_Catalonia.html\" data-placement=\"top\" data-title=\"Trip Advisor\" data-toggle=\"tooltip\" title=\"Trip Advisor\"><img decoding=\"async\" src=\"http:\/\/enotecapacoperez.com\/wp-content\/uploads\/2016\/05\/tripadvisor.png\" alt=\"Trip Advisor\" \/><\/a><\/div><\/div><\/div><\/div><div class=\"fusion-clearfix\"><\/div><\/div><\/div><div class=\"fusion-one-fourth fusion-layout-column fusion-spacing-yes\" style=\"margin-top:0px;margin-bottom:20px;\"><div class=\"fusion-column-wrapper\"><p style=\"text-align: center;\"><span style=\"font-size: 22px; color: #ffffff;\">Opening hours<\/span><\/p>\n<p style=\"text-align: center;\"><span style=\"color: #ffffff; font-size: inherit;\"><strong>Tuesday to Friday\u00a0 <\/strong>| 7:30pm to 9:00pm<br \/>\n<\/span><span style=\"color: #ffffff; font-size: inherit;\"><strong>Saturday <\/strong>| 1:00pm to 2:30pm<br \/>\nand 7:30pm to 9:00pm<\/span><\/p>\n<p style=\"text-align: center;\"><span style=\"color: #ffffff;\">\u00a0<\/span><\/p>\n<div class=\"fusion-clearfix\"><\/div><\/div><\/div><div class=\"fusion-one-fourth fusion-layout-column fusion-spacing-yes\" style=\"margin-top:0px;margin-bottom:20px;\"><div class=\"fusion-column-wrapper\"><p style=\"text-align: center;\"><span style=\"color: #ffffff; font-size: 22px;\">Contact us<\/span><\/p>\n<p class=\"phone-contacto\" style=\"text-align: center;\"><span style=\"color: #ffffff;\">P. +34 93 4838108<br \/>\nenotecapacoperez@ritzcarlton.com <\/span><\/p>\n<div class=\"fusion-button-wrapper fusion-aligncenter\"><style type=\"text\/css\" scoped=\"scoped\">.fusion-button.button-3 .fusion-button-text, .fusion-button.button-3 i {color:#ffffff;}.fusion-button.button-3 {border-width:1px;border-color:#ffffff;}.fusion-button.button-3 .fusion-button-icon-divider{border-color:#ffffff;}.fusion-button.button-3:hover .fusion-button-text, .fusion-button.button-3:hover i,.fusion-button.button-3:focus .fusion-button-text, .fusion-button.button-3:focus i,.fusion-button.button-3:active .fusion-button-text, .fusion-button.button-3:active{color:#ffffff;}.fusion-button.button-3:hover, .fusion-button.button-3:focus, .fusion-button.button-3:active{border-width:1px;border-color:#ffffff;}.fusion-button.button-3:hover .fusion-button-icon-divider, .fusion-button.button-3:hover .fusion-button-icon-divider, .fusion-button.button-3:active .fusion-button-icon-divider{border-color:#ffffff;}.fusion-button.button-3{background: rgba(105,97,95,0);}.fusion-button.button-3:hover,.button-3:focus,.fusion-button.button-3:active{background: rgba(105,97,95,1);}.fusion-button.button-3{width:auto;}<\/style><a class=\"fusion-button button-flat button-round button-small button-custom button-3\" target=\"_self\" href=\"http:\/\/www.sevenrooms.com\/reservations\/enotecapacoperez\"><span class=\"fusion-button-text\">book online<\/span><\/a><\/div>\n<div class=\"fusion-clearfix\"><\/div><\/div><\/div><div class=\"fusion-one-fourth fusion-layout-column fusion-column-last fusion-spacing-yes\" style=\"margin-top:0px;margin-bottom:20px;\"><div class=\"fusion-column-wrapper\"><div class=\"fusion-clearfix\"><\/div><\/div><\/div><div class=\"fusion-clearfix\"><\/div><\/div><\/div><div class=\"fusion-fullwidth fullwidth-box fusion-fullwidth-5  fusion-parallax-none nonhundred-percent-fullwidth\" style=\"border-color:#eae9e9;border-bottom-width: 0px;border-top-width: 0px;border-bottom-style: solid;border-top-style: solid;padding-bottom:40px;padding-top:60px;padding-left:;padding-right:;\"><style type=\"text\/css\" scoped=\"scoped\">.fusion-fullwidth-5 {\n                            padding-left: px !important;\n                            padding-right: px !important;\n                        }<\/style><div class=\"fusion-row\"><\/div><\/div>\n","protected":false},"excerpt":{"rendered":"","protected":false},"author":7,"featured_media":0,"parent":0,"menu_order":0,"comment_status":"closed","ping_status":"closed","template":"100-width.php","meta":{"_acf_changed":false,"footnotes":""},"class_list":["post-726","page","type-page","status-publish","hentry"],"acf":[],"_links":{"self":[{"href":"https:\/\/enotecapacoperez.com\/en\/wp-json\/wp\/v2\/pages\/726","targetHints":{"allow":["GET"]}}],"collection":[{"href":"https:\/\/enotecapacoperez.com\/en\/wp-json\/wp\/v2\/pages"}],"about":[{"href":"https:\/\/enotecapacoperez.com\/en\/wp-json\/wp\/v2\/types\/page"}],"author":[{"embeddable":true,"href":"https:\/\/enotecapacoperez.com\/en\/wp-json\/wp\/v2\/users\/7"}],"replies":[{"embeddable":true,"href":"https:\/\/enotecapacoperez.com\/en\/wp-json\/wp\/v2\/comments?post=726"}],"version-history":[{"count":112,"href":"https:\/\/enotecapacoperez.com\/en\/wp-json\/wp\/v2\/pages\/726\/revisions"}],"predecessor-version":[{"id":4348,"href":"https:\/\/enotecapacoperez.com\/en\/wp-json\/wp\/v2\/pages\/726\/revisions\/4348"}],"wp:attachment":[{"href":"https:\/\/enotecapacoperez.com\/en\/wp-json\/wp\/v2\/media?parent=726"}],"curies":[{"name":"wp","href":"https:\/\/api.w.org\/{rel}","templated":true}]}}